{"id":17949,"date":"2022-12-20T20:48:33","date_gmt":"2022-12-20T20:48:33","guid":{"rendered":"https:\/\/karwork.eu\/?post_type=product&#038;p=17949"},"modified":"2023-02-07T22:20:32","modified_gmt":"2023-02-07T22:20:32","slug":"tft-monitor-cleaner-minitalla-100ml","status":"publish","type":"product","link":"https:\/\/karwork.eu\/en\/product\/tft-monitor-cleaner-minitalla-100ml\/","title":{"rendered":"TFT Monitor Cleaner mini size 100ml"},"content":{"rendered":"<h4><u>Properties:<\/u><\/h4>\n<ul>\n<li>Limpiador especial para superficies sensibles<\/li>\n<li><span>Apto para todo tipo de monitores\/pantallas<\/span>\n<ul>\n<li><span>TFT \/ LCD \/ OLED \/ LED\u00a0\/\u00a0Plasma<\/span>\n<ul>\n<li>Veloc\u00edmetro en el veh\u00edculo<\/li>\n<li>Pantallas de navegaci\u00f3n \/ radio en el veh\u00edculo<\/li>\n<li>Monitores de PC<\/li>\n<li>Pantallas de tel\u00e9fonos m\u00f3viles<\/li>\n<li>Televisores<\/li>\n<li>Tabletas<\/li>\n<li>Etc.<\/li>\n<\/ul>\n<\/li>\n<\/ul>\n<\/li>\n<li>Elimina sin esfuerzo las huellas dactilares grasosas, el polvo y la suciedad t\u00edpica de la pantalla<\/li>\n<li>Botella pr\u00e1ctica y compacta de 100ml<\/li>\n<li>Dosificaci\u00f3n perfecta<\/li>\n<li>Econ\u00f3mico de usar<\/li>\n<li>Compa\u00f1ero ideal en el veh\u00edculo, en el trabajo o en casa<\/li>\n<\/ul>\n<h4>\n<u>Application:<\/u><\/h4>\n<ol>\n<li>Agitar la botella para que los ingredientes se distribuyan<\/li>\n<li>Roc\u00ede el limpiador directamente sobre un pa\u00f1o de microfibra adecuado y limpie \/ limpie la superficie<\/li>\n<li>Recomendamos el\u00a0<a href=\"https:\/\/karwork.eu\/product\/foxedcare-wooly-pano-microfibra-interior-350gsm-40x40cm\/\">FoxedCare &#8211; Pa\u00f1o interior de lana 350GSM 40x40cm\u00a0<\/a>para su aplicaci\u00f3n<\/li>\n<\/ol>\n<h4>\n<u>Tips:<\/u><\/h4>\n<ul>\n<li>Do not process on hot surfaces or in bright sunlight<\/li>\n<li>do not let dry<\/li>\n<li>Shake before using<\/li>\n<li>No lo use en pantallas muy da\u00f1adas (el l\u00edquido podr\u00eda filtrarse en el dispositivo)<\/li>\n<\/ul>","protected":false},"excerpt":{"rendered":"<p>FoxedCare TFT Monitor Cleaner es un limpiador especial para superficies sensibles, como pantallas TFT y LCD en interiores de veh\u00edculos. TFT Monitor Cleaner limpia las superficies absolutamente suaves con el material. La peque\u00f1a pero pr\u00e1ctica botella de 100 ml cabe en cualquier guantera y, por lo tanto, siempre est\u00e1 lista para su uso. El producto elimina sin esfuerzo las huellas dactilares grasosas, el polvo y las impurezas t\u00edpicas en el interior del veh\u00edculo. Por supuesto, TFT Monitor Cleaner tambi\u00e9n funciona en pantallas de PC, televisores o pantallas de tel\u00e9fonos m\u00f3viles. Por lo tanto, no solo es el compa\u00f1ero perfecto en el veh\u00edculo, sino tambi\u00e9n en el trabajo y en casa.<\/p>","protected":false},"featured_media":17950,"comment_status":"open","ping_status":"closed","template":"","meta":{"_acf_changed":false,"rank_math_lock_modified_date":false},"pwb-brand":[986],"product_cat":[147,153],"product_tag":[989,1295,987,1012,997,1016,995,1013,1014,1015],"class_list":{"0":"post-17949","1":"product","2":"type-product","3":"status-publish","4":"has-post-thumbnail","6":"pwb-brand-foxed-care","7":"product_cat-interior","8":"product_cat-minitallas","9":"product_tag-detailing","10":"product_tag-fcf31","11":"product_tag-foxed-care","12":"product_tag-interior","13":"product_tag-lavado","14":"product_tag-lcd","15":"product_tag-limpieza","16":"product_tag-minitalla","17":"product_tag-pantallas","18":"product_tag-tft","20":"first","21":"instock","22":"taxable","23":"shipping-taxable","24":"purchasable","25":"product-type-simple"},"acf":[],"brands":[{"id":986,"name":"Foxed Care","slug":"foxed-care"}],"_links":{"self":[{"href":"https:\/\/karwork.eu\/en\/wp-json\/wp\/v2\/product\/17949","targetHints":{"allow":["GET"]}}],"collection":[{"href":"https:\/\/karwork.eu\/en\/wp-json\/wp\/v2\/product"}],"about":[{"href":"https:\/\/karwork.eu\/en\/wp-json\/wp\/v2\/types\/product"}],"replies":[{"embeddable":true,"href":"https:\/\/karwork.eu\/en\/wp-json\/wp\/v2\/comments?post=17949"}],"wp:featuredmedia":[{"embeddable":true,"href":"https:\/\/karwork.eu\/en\/wp-json\/wp\/v2\/media\/17950"}],"wp:attachment":[{"href":"https:\/\/karwork.eu\/en\/wp-json\/wp\/v2\/media?parent=17949"}],"wp:term":[{"taxonomy":"pwb-brand","embeddable":true,"href":"https:\/\/karwork.eu\/en\/wp-json\/wp\/v2\/pwb-brand?post=17949"},{"taxonomy":"product_cat","embeddable":true,"href":"https:\/\/karwork.eu\/en\/wp-json\/wp\/v2\/product_cat?post=17949"},{"taxonomy":"product_tag","embeddable":true,"href":"https:\/\/karwork.eu\/en\/wp-json\/wp\/v2\/product_tag?post=17949"}],"curies":[{"name":"wp","href":"https:\/\/api.w.org\/{rel}","templated":true}]}}