{"id":17934,"date":"2022-12-20T19:52:47","date_gmt":"2022-12-20T19:52:47","guid":{"rendered":"https:\/\/karwork.eu\/?post_type=product&#038;p=17934"},"modified":"2023-02-07T22:28:23","modified_gmt":"2023-02-07T22:28:23","slug":"limpiador-de-llantas-5l","status":"publish","type":"product","link":"https:\/\/karwork.eu\/en\/product\/limpiador-de-llantas-5l\/","title":{"rendered":"5L tire cleaner"},"content":{"rendered":"<h4><u>Properties:<\/u><\/h4>\n<ul>\n<li>Extremely strong cleaning performance<\/li>\n<li>Jelly-like consistency so cleaner doesn&#039;t dry out quickly<\/li>\n<li>Can be used with all types of rims<\/li>\n<li>Absolutely gentle on the material<\/li>\n<li>Acid-free special cleaner<\/li>\n<li>High quality effect indicator with color change<\/li>\n<li>No unpleasant odor during use<\/li>\n<li>pH neutral formulation<\/li>\n<li>No danger to the user (with proper handling)<\/li>\n<\/ul>\n<h4>\n<u>Application:<\/u><\/h4>\n<ol>\n<li>Shake the bottle properly so that all the ingredients are distributed<\/li>\n<li>Completely wet the rim to be treated (fresh \/ warm surface)<\/li>\n<li>Leave on for 3-5 minutes<\/li>\n<li>Using a pressure washer, thoroughly rinse off dirt and debris<\/li>\n<\/ol>\n<h4>\n<u>Tips:<\/u><\/h4>\n<ul>\n<li>Do not use the product on hot surfaces \/ rims<\/li>\n<li>Do not allow product to dry out<\/li>\n<\/ul>","protected":false},"excerpt":{"rendered":"<p>Due to the large number of PH neutral wheel cleaners on the market, we have set ourselves the goal of developing the perfect wheel cleaner and bringing together the best of all PH neutral wheel cleaners.<br \/>\nThe wheel cleaner contains biologically active ingredients and does not smell unpleasant when used.<br \/>\n\u00a1A\u00fan m\u00e1s interesante es el rendimiento de limpieza extremadamente fuerte! Debido a la consistencia gelatinosa, el limpiador de llantas FoxedCare se adhiere a la superficie de la llanta durante mucho tiempo y no se seca r\u00e1pidamente. El polvo de los frenos, el alquitr\u00e1n, el \u00f3xido repentino, la suciedad de la carretera y similares en la llanta son cosa del pasado y eso con la aplicaci\u00f3n m\u00e1s simple, Adem\u00e1s, el limpiador de llantas FoxedCare ofrece el popular <strong>Color change<\/strong> through a high-quality effect indicator and is absolutely gentle on all types of rims.<\/p>\n<p>Optional outlet tap.<\/p>","protected":false},"featured_media":17941,"comment_status":"open","ping_status":"closed","template":"","meta":{"_acf_changed":false,"rank_math_lock_modified_date":false},"pwb-brand":[986],"product_cat":[1009],"product_tag":[1001,989,1298,987,997,995,885],"class_list":{"0":"post-17934","1":"product","2":"type-product","3":"status-publish","4":"has-post-thumbnail","6":"pwb-brand-foxed-care","7":"product_cat-llantas-neumaticos","8":"product_tag-5l","9":"product_tag-detailing","10":"product_tag-fcf11","11":"product_tag-foxed-care","12":"product_tag-lavado","13":"product_tag-limpieza","14":"product_tag-llantas","16":"first","17":"instock","18":"taxable","19":"shipping-taxable","20":"purchasable","21":"product-type-variable"},"acf":[],"brands":[{"id":986,"name":"Foxed Care","slug":"foxed-care"}],"_links":{"self":[{"href":"https:\/\/karwork.eu\/en\/wp-json\/wp\/v2\/product\/17934","targetHints":{"allow":["GET"]}}],"collection":[{"href":"https:\/\/karwork.eu\/en\/wp-json\/wp\/v2\/product"}],"about":[{"href":"https:\/\/karwork.eu\/en\/wp-json\/wp\/v2\/types\/product"}],"replies":[{"embeddable":true,"href":"https:\/\/karwork.eu\/en\/wp-json\/wp\/v2\/comments?post=17934"}],"wp:featuredmedia":[{"embeddable":true,"href":"https:\/\/karwork.eu\/en\/wp-json\/wp\/v2\/media\/17941"}],"wp:attachment":[{"href":"https:\/\/karwork.eu\/en\/wp-json\/wp\/v2\/media?parent=17934"}],"wp:term":[{"taxonomy":"pwb-brand","embeddable":true,"href":"https:\/\/karwork.eu\/en\/wp-json\/wp\/v2\/pwb-brand?post=17934"},{"taxonomy":"product_cat","embeddable":true,"href":"https:\/\/karwork.eu\/en\/wp-json\/wp\/v2\/product_cat?post=17934"},{"taxonomy":"product_tag","embeddable":true,"href":"https:\/\/karwork.eu\/en\/wp-json\/wp\/v2\/product_tag?post=17934"}],"curies":[{"name":"wp","href":"https:\/\/api.w.org\/{rel}","templated":true}]}}