{"id":17912,"date":"2022-12-20T08:31:35","date_gmt":"2022-12-20T08:31:35","guid":{"rendered":"https:\/\/karwork.eu\/?post_type=product&#038;p=17912"},"modified":"2023-02-07T22:38:39","modified_gmt":"2023-02-07T22:38:39","slug":"foxedcare-city-champu-para-vehiculos-500ml","status":"publish","type":"product","link":"https:\/\/karwork.eu\/en\/product\/foxedcare-city-champu-para-vehiculos-500ml\/","title":{"rendered":"Vehicle Shampoo \u2013 FoxedCare City Edition 500ml"},"content":{"rendered":"<h4><u>Properties:<\/u><\/h4>\n<ul>\n<li>Color especial: Rojo<\/li>\n<li>Notas de la fragancia: Red Energy<\/li>\n<li>Very good cleaning performance<\/li>\n<li>Brilliant and clean painting, with effortless processing<\/li>\n<li>Pleasant sliding behavior<\/li>\n<li>Gentle on the material for all exterior vehicle surfaces<\/li>\n<li>Does not attack existing seals.<\/li>\n<li>Ideal for manual hand washing<\/li>\n<li>Low consumption: approx. 30ml of shampoo for every 10 liters of water<\/li>\n<\/ul>\n<p>&nbsp;<\/p>\n<h4><u>Application:<\/u><\/h4>\n<ol>\n<li>Shake the bottle well so that all the ingredients are distributed<\/li>\n<li>Put about 30ml of shampoo in a bucket and lather with about 10 liters of water. (For optimal foam, we recommend filling the shampoo first and then the water)<\/li>\n<li>Mix the water shampoo mixture with the Slappy wash mitt again properly.<\/li>\n<li>Clean the vehicle from top to bottom and make sure you always have enough shampoo on the surface to be processed<\/li>\n<li>Remove debris with the high-pressure cleaner<\/li>\n<\/ol>\n<p>&nbsp;<\/p>\n<h4><u>Tips:<\/u><\/h4>\n<ul>\n<li>The vehicle must be cleaned of coarse dirt before treatment by means of a high-pressure cleaner to avoid scratches<\/li>\n<li>Do not use the product on hot surfaces<\/li>\n<li>Do not allow product to dry out<\/li>\n<\/ul>","protected":false},"excerpt":{"rendered":"<p>The new line of care products Foxed Care City by Mareike Fox. Special products developed and produced exclusively for this special series by FoxedCare.<\/p>\n<p>El champ\u00fa FoxedCare City es un champ\u00fa para autom\u00f3viles de pH neutro con ingredientes espec\u00edficos y de primera clase. No solo hace una excelente limpieza, sino que tambi\u00e9n convence con un olor \u00fanico, fragancia Red Energy y es visualmente un verdadero punto de atracci\u00f3n.<\/p>\n<p>El champ\u00fa para autom\u00f3viles Foxed Care City ofrece una excelente formaci\u00f3n de espuma, un rendimiento de limpieza altamente efectivo, as\u00ed como un muy buen comportamiento de deslizamiento durante su uso.<\/p>\n<p>&nbsp;<\/p>","protected":false},"featured_media":17913,"comment_status":"open","ping_status":"closed","template":"","meta":{"_acf_changed":false,"rank_math_lock_modified_date":false},"pwb-brand":[986],"product_cat":[155],"product_tag":[988,1005,989,993,1301,987,996,995],"class_list":{"0":"post-17912","1":"product","2":"type-product","3":"status-publish","4":"has-post-thumbnail","6":"pwb-brand-foxed-care","7":"product_cat-champu","8":"product_tag-champu","9":"product_tag-city","10":"product_tag-detailing","11":"product_tag-espuma","12":"product_tag-fcf49","13":"product_tag-foxed-care","14":"product_tag-lavar","15":"product_tag-limpieza","17":"first","18":"instock","19":"taxable","20":"shipping-taxable","21":"purchasable","22":"product-type-simple"},"acf":[],"brands":[{"id":986,"name":"Foxed Care","slug":"foxed-care"}],"_links":{"self":[{"href":"https:\/\/karwork.eu\/en\/wp-json\/wp\/v2\/product\/17912","targetHints":{"allow":["GET"]}}],"collection":[{"href":"https:\/\/karwork.eu\/en\/wp-json\/wp\/v2\/product"}],"about":[{"href":"https:\/\/karwork.eu\/en\/wp-json\/wp\/v2\/types\/product"}],"replies":[{"embeddable":true,"href":"https:\/\/karwork.eu\/en\/wp-json\/wp\/v2\/comments?post=17912"}],"wp:featuredmedia":[{"embeddable":true,"href":"https:\/\/karwork.eu\/en\/wp-json\/wp\/v2\/media\/17913"}],"wp:attachment":[{"href":"https:\/\/karwork.eu\/en\/wp-json\/wp\/v2\/media?parent=17912"}],"wp:term":[{"taxonomy":"pwb-brand","embeddable":true,"href":"https:\/\/karwork.eu\/en\/wp-json\/wp\/v2\/pwb-brand?post=17912"},{"taxonomy":"product_cat","embeddable":true,"href":"https:\/\/karwork.eu\/en\/wp-json\/wp\/v2\/product_cat?post=17912"},{"taxonomy":"product_tag","embeddable":true,"href":"https:\/\/karwork.eu\/en\/wp-json\/wp\/v2\/product_tag?post=17912"}],"curies":[{"name":"wp","href":"https:\/\/api.w.org\/{rel}","templated":true}]}}