{"id":17908,"date":"2022-12-19T19:16:01","date_gmt":"2022-12-19T19:16:01","guid":{"rendered":"https:\/\/karwork.eu\/?post_type=product&#038;p=17908"},"modified":"2023-02-07T22:43:36","modified_gmt":"2023-02-07T22:43:36","slug":"dual-foam-champu-multifuncional-edicion-cherry-wild-500ml","status":"publish","type":"product","link":"https:\/\/karwork.eu\/en\/product\/dual-foam-champu-multifuncional-edicion-cherry-wild-500ml\/","title":{"rendered":"Dual Foam \u2013 Multifunctional shampoo \u2013 Stillgelegt Edition 500ml"},"content":{"rendered":"<h4><u>Properties:<\/u><\/h4>\n<ul>\n<li>PH-NEUTRAL \u2013 Multifunctional shampoo<\/li>\n<li>Car shampoo and snow foam in one product<\/li>\n<li>Effective and gentle cleaning performance<\/li>\n<li>Como snow foam tambi\u00e9n es perfecta para el prelavado<\/li>\n<li>Excellent sliding properties<\/li>\n<li>100% compatibility with all materials<\/li>\n<li>Dense foam with the right dose<\/li>\n<li>Leaves a shiny clean vehicle<\/li>\n<li>Fragancia agradable = Cereza silvestre<\/li>\n<\/ul>\n<h4>\n<u>Application:<\/u><\/h4>\n<ol>\n<li>shake the bottle<\/li>\n<li>As snow foam: 20ml -30ml to 1 liter of water to work with the foam sprayer. When working with the high pressure lance mix, slightly increase<\/li>\n<li>As car shampoo: 50-70ml per 10 liters of water<\/li>\n<li>Wash the vehicle from top to bottom with a wash mitt (when used as a shampoo)<\/li>\n<\/ol>","protected":false},"excerpt":{"rendered":"<p>FoxedCare Dual Foam is a first class multifunctional product.<br \/>\nDependiendo de la concentraci\u00f3n, el producto se puede utilizar como champ\u00fa para autom\u00f3viles o espuma para nieve.<br \/>\nIn both variants, Dual Foam offers effective and gentle cleaning performance and is suitable for all surfaces.<br \/>\nDue to the dense foam and excellent slip properties, the pre-wash (foam) and the main wash (car shampoo) are child&#039;s play.<br \/>\nEl producto tiene un pH neutro y ofrece una agradable fragancia a cereza silvestre.<\/p>","protected":false},"featured_media":17909,"comment_status":"open","ping_status":"closed","template":"","meta":{"_acf_changed":false,"rank_math_lock_modified_date":false},"pwb-brand":[986],"product_cat":[155],"product_tag":[988,1002,989,993,1303,987,996,995,1003],"class_list":{"0":"post-17908","1":"product","2":"type-product","3":"status-publish","4":"has-post-thumbnail","6":"pwb-brand-foxed-care","7":"product_cat-champu","8":"product_tag-champu","9":"product_tag-cherry","10":"product_tag-detailing","11":"product_tag-espuma","12":"product_tag-fcf13","13":"product_tag-foxed-care","14":"product_tag-lavar","15":"product_tag-limpieza","16":"product_tag-wild","18":"first","19":"instock","20":"taxable","21":"shipping-taxable","22":"purchasable","23":"product-type-simple"},"acf":[],"brands":[{"id":986,"name":"Foxed Care","slug":"foxed-care"}],"_links":{"self":[{"href":"https:\/\/karwork.eu\/en\/wp-json\/wp\/v2\/product\/17908","targetHints":{"allow":["GET"]}}],"collection":[{"href":"https:\/\/karwork.eu\/en\/wp-json\/wp\/v2\/product"}],"about":[{"href":"https:\/\/karwork.eu\/en\/wp-json\/wp\/v2\/types\/product"}],"replies":[{"embeddable":true,"href":"https:\/\/karwork.eu\/en\/wp-json\/wp\/v2\/comments?post=17908"}],"wp:featuredmedia":[{"embeddable":true,"href":"https:\/\/karwork.eu\/en\/wp-json\/wp\/v2\/media\/17909"}],"wp:attachment":[{"href":"https:\/\/karwork.eu\/en\/wp-json\/wp\/v2\/media?parent=17908"}],"wp:term":[{"taxonomy":"pwb-brand","embeddable":true,"href":"https:\/\/karwork.eu\/en\/wp-json\/wp\/v2\/pwb-brand?post=17908"},{"taxonomy":"product_cat","embeddable":true,"href":"https:\/\/karwork.eu\/en\/wp-json\/wp\/v2\/product_cat?post=17908"},{"taxonomy":"product_tag","embeddable":true,"href":"https:\/\/karwork.eu\/en\/wp-json\/wp\/v2\/product_tag?post=17908"}],"curies":[{"name":"wp","href":"https:\/\/api.w.org\/{rel}","templated":true}]}}