{"id":17095,"date":"2022-10-04T16:37:40","date_gmt":"2022-10-04T16:37:40","guid":{"rendered":"https:\/\/karwork.eu\/?post_type=product&#038;p=17095"},"modified":"2024-03-17T12:18:22","modified_gmt":"2024-03-17T12:18:22","slug":"volante-de-alcantara-inspiracion-jdm","status":"publish","type":"product","link":"https:\/\/karwork.eu\/en\/product\/volante-de-alcantara-inspiracion-jdm\/","title":{"rendered":"Volante de alc\u00e1ntara inspiraci\u00f3n JDM &#8211; RST-023MB-SA"},"content":{"rendered":"","protected":false},"excerpt":{"rendered":"<p>Volante de alc\u00e1ntara inspiraci\u00f3n JDM &#8211; RST-023D-R &#8211; Volante de cuero inspiraci\u00f3n JDM &#8211; RST-023D-RVolante reforzado de 35cm con 50 mm de profundidad, envuelto en alc\u00e1ntara, inspirado en JDM. Peso ligero con radios remachados dobles para una mayor resistencia.<\/p>\n<p>&nbsp;<\/p>\n<p><strong>NRG Innovations products are designed for off-road use only.<\/strong><\/p>","protected":false},"featured_media":17079,"comment_status":"open","ping_status":"closed","template":"","meta":{"_acf_changed":false,"rank_math_lock_modified_date":false},"pwb-brand":[611],"product_cat":[1580],"product_tag":[1034,623,3156,622,3267],"class_list":{"0":"post-17095","1":"product","2":"type-product","3":"status-publish","4":"has-post-thumbnail","6":"pwb-brand-nrg-innovations","7":"product_cat-alcantara","8":"product_tag-alcantara","9":"product_tag-nrg-innovations","10":"product_tag-rst-023mb-sa","11":"product_tag-volante","12":"product_tag-volante-de-alcantara-inspiracion-jdm","14":"first","15":"instock","16":"taxable","17":"shipping-taxable","18":"purchasable","19":"product-type-simple"},"acf":[],"brands":[{"id":611,"name":"NRG Innovations","slug":"nrg-innovations"}],"_links":{"self":[{"href":"https:\/\/karwork.eu\/en\/wp-json\/wp\/v2\/product\/17095","targetHints":{"allow":["GET"]}}],"collection":[{"href":"https:\/\/karwork.eu\/en\/wp-json\/wp\/v2\/product"}],"about":[{"href":"https:\/\/karwork.eu\/en\/wp-json\/wp\/v2\/types\/product"}],"replies":[{"embeddable":true,"href":"https:\/\/karwork.eu\/en\/wp-json\/wp\/v2\/comments?post=17095"}],"wp:featuredmedia":[{"embeddable":true,"href":"https:\/\/karwork.eu\/en\/wp-json\/wp\/v2\/media\/17079"}],"wp:attachment":[{"href":"https:\/\/karwork.eu\/en\/wp-json\/wp\/v2\/media?parent=17095"}],"wp:term":[{"taxonomy":"pwb-brand","embeddable":true,"href":"https:\/\/karwork.eu\/en\/wp-json\/wp\/v2\/pwb-brand?post=17095"},{"taxonomy":"product_cat","embeddable":true,"href":"https:\/\/karwork.eu\/en\/wp-json\/wp\/v2\/product_cat?post=17095"},{"taxonomy":"product_tag","embeddable":true,"href":"https:\/\/karwork.eu\/en\/wp-json\/wp\/v2\/product_tag?post=17095"}],"curies":[{"name":"wp","href":"https:\/\/api.w.org\/{rel}","templated":true}]}}