{"id":16883,"date":"2022-10-03T14:57:35","date_gmt":"2022-10-03T14:57:35","guid":{"rendered":"https:\/\/karwork.eu\/?post_type=product&#038;p=16883"},"modified":"2023-08-13T09:23:06","modified_gmt":"2023-08-13T09:23:06","slug":"pomo-18mm-anticalorico","status":"publish","type":"product","link":"https:\/\/karwork.eu\/en\/product\/pomo-18mm-anticalorico\/","title":{"rendered":"180mm anticaloric knob"},"content":{"rendered":"","protected":false},"excerpt":{"rendered":"<p>Con un estilo de dispersi\u00f3n de calor completamente nuevo, es completamente funcional y reduce el calor hasta en un 15 % (frente a un pomo de metal s\u00f3lido). Universal y disponible en 8 acabados. El SK-711 tiene un dise\u00f1o tipo bola y est\u00e1 dise\u00f1ado para encajar perfectamente en la palma de su mano, de aluminio 6061 anodizado y resistente a los rayos UV.<\/p>\n<p>&nbsp;<\/p>\n<p><strong>NRG Innovations products are designed for off-road use only.<\/strong><\/p>","protected":false},"featured_media":16897,"comment_status":"open","ping_status":"closed","template":"","meta":{"_acf_changed":false,"rank_math_lock_modified_date":false},"pwb-brand":[611],"product_cat":[127],"product_tag":[623,872],"class_list":{"0":"post-16883","1":"product","2":"type-product","3":"status-publish","4":"has-post-thumbnail","6":"pwb-brand-nrg-innovations","7":"product_cat-pomo-palanca-de-cambios","8":"product_tag-nrg-innovations","9":"product_tag-pomo","11":"first","12":"instock","13":"taxable","14":"shipping-taxable","15":"purchasable","16":"product-type-variable"},"acf":[],"brands":[{"id":611,"name":"NRG Innovations","slug":"nrg-innovations"}],"_links":{"self":[{"href":"https:\/\/karwork.eu\/en\/wp-json\/wp\/v2\/product\/16883","targetHints":{"allow":["GET"]}}],"collection":[{"href":"https:\/\/karwork.eu\/en\/wp-json\/wp\/v2\/product"}],"about":[{"href":"https:\/\/karwork.eu\/en\/wp-json\/wp\/v2\/types\/product"}],"replies":[{"embeddable":true,"href":"https:\/\/karwork.eu\/en\/wp-json\/wp\/v2\/comments?post=16883"}],"wp:featuredmedia":[{"embeddable":true,"href":"https:\/\/karwork.eu\/en\/wp-json\/wp\/v2\/media\/16897"}],"wp:attachment":[{"href":"https:\/\/karwork.eu\/en\/wp-json\/wp\/v2\/media?parent=16883"}],"wp:term":[{"taxonomy":"pwb-brand","embeddable":true,"href":"https:\/\/karwork.eu\/en\/wp-json\/wp\/v2\/pwb-brand?post=16883"},{"taxonomy":"product_cat","embeddable":true,"href":"https:\/\/karwork.eu\/en\/wp-json\/wp\/v2\/product_cat?post=16883"},{"taxonomy":"product_tag","embeddable":true,"href":"https:\/\/karwork.eu\/en\/wp-json\/wp\/v2\/product_tag?post=16883"}],"curies":[{"name":"wp","href":"https:\/\/api.w.org\/{rel}","templated":true}]}}