{"id":16608,"date":"2022-08-27T23:41:18","date_gmt":"2022-08-27T23:41:18","guid":{"rendered":"https:\/\/karwork.eu\/?post_type=product&#038;p=16608"},"modified":"2025-01-25T20:22:24","modified_gmt":"2025-01-25T19:22:24","slug":"pina-volante-f56h","status":"publish","type":"product","link":"https:\/\/karwork.eu\/en\/product\/pina-volante-f56h\/","title":{"rendered":"Pi\u00f1a volante &#8211; SRK-F56H"},"content":{"rendered":"","protected":false},"excerpt":{"rendered":"<p>Pi\u00f1a volante &#8211; SRK-F56H Esta pi\u00f1a fue dise\u00f1ada para ponerla con Quick Release, con la superficie de montaje m\u00e1s corta posible y al mismo tiempo conserva la capacidad de usar la bocina y las se\u00f1ales de giro aproximadamente el 99% del tiempo. De aluminio anodizado 6061 y patr\u00f3n de pernos de 6&#215;70, que viene con resistencias. En caso de no llevar quick release, puede que sea necesario un separador.<\/p>\n<p>Pineapple for; BMW F15, F16, F22, F30, F32, F33, F34, F36 (2011+), Toyota Supra (2019+), Mini Cooper Gen 3 (2013+)<\/p>\n<p>&nbsp;<\/p>\n<p><strong>NRG Innovations products are designed for off-road use only.<\/strong><\/p>","protected":false},"featured_media":16612,"comment_status":"open","ping_status":"closed","template":"","meta":{"_acf_changed":false,"rank_math_lock_modified_date":false},"pwb-brand":[611],"product_cat":[2706,664],"product_tag":[711,712,713,716,718,717,715,714,710,623,681,3085,709],"class_list":{"0":"post-16608","1":"product","2":"type-product","3":"status-publish","4":"has-post-thumbnail","6":"pwb-brand-nrg-innovations","7":"product_cat-pina-short-hub","8":"product_cat-pina-volante","9":"product_tag-bmw-f15-2011","10":"product_tag-bmw-f16-2011","11":"product_tag-bmw-f22-2011","12":"product_tag-bmw-f30-2011","13":"product_tag-bmw-f32-2011","14":"product_tag-bmw-f33-2011","15":"product_tag-bmw-f34-2011","16":"product_tag-bmw-f36-2011","17":"product_tag-mini-cooper-gen-3-2013","18":"product_tag-nrg-innovations","19":"product_tag-pina-volante","20":"product_tag-srk-f56h","21":"product_tag-toyota-supra-2019","23":"first","24":"instock","25":"taxable","26":"shipping-taxable","27":"purchasable","28":"product-type-simple"},"acf":[],"brands":[{"id":611,"name":"NRG Innovations","slug":"nrg-innovations"}],"_links":{"self":[{"href":"https:\/\/karwork.eu\/en\/wp-json\/wp\/v2\/product\/16608","targetHints":{"allow":["GET"]}}],"collection":[{"href":"https:\/\/karwork.eu\/en\/wp-json\/wp\/v2\/product"}],"about":[{"href":"https:\/\/karwork.eu\/en\/wp-json\/wp\/v2\/types\/product"}],"replies":[{"embeddable":true,"href":"https:\/\/karwork.eu\/en\/wp-json\/wp\/v2\/comments?post=16608"}],"wp:featuredmedia":[{"embeddable":true,"href":"https:\/\/karwork.eu\/en\/wp-json\/wp\/v2\/media\/16612"}],"wp:attachment":[{"href":"https:\/\/karwork.eu\/en\/wp-json\/wp\/v2\/media?parent=16608"}],"wp:term":[{"taxonomy":"pwb-brand","embeddable":true,"href":"https:\/\/karwork.eu\/en\/wp-json\/wp\/v2\/pwb-brand?post=16608"},{"taxonomy":"product_cat","embeddable":true,"href":"https:\/\/karwork.eu\/en\/wp-json\/wp\/v2\/product_cat?post=16608"},{"taxonomy":"product_tag","embeddable":true,"href":"https:\/\/karwork.eu\/en\/wp-json\/wp\/v2\/product_tag?post=16608"}],"curies":[{"name":"wp","href":"https:\/\/api.w.org\/{rel}","templated":true}]}}