{"id":16583,"date":"2022-08-27T23:17:15","date_gmt":"2022-08-27T23:17:15","guid":{"rendered":"https:\/\/karwork.eu\/?post_type=product&#038;p=16583"},"modified":"2025-01-25T20:29:51","modified_gmt":"2025-01-25T19:29:51","slug":"pina-volante-e30h","status":"publish","type":"product","link":"https:\/\/karwork.eu\/en\/product\/pina-volante-e30h\/","title":{"rendered":"Pi\u00f1a volante &#8211; SRK-E30H"},"content":{"rendered":"","protected":false},"excerpt":{"rendered":"<p>Pi\u00f1a volante &#8211; SRK-E30H Esta pi\u00f1a fue dise\u00f1ada para ponerla con Quick Release, con la superficie de montaje m\u00e1s corta posible y al mismo tiempo conserva la capacidad de usar la bocina y las se\u00f1ales de giro aproximadamente el 99% del tiempo. De aluminio anodizado 6061 y patr\u00f3n de pernos de 6&#215;70, que viene con resistencias. En caso de no llevar quick release, puede que sea necesario un separador.<\/p>\n<p>Pineapple for;<span data-sanitized-data-mce-fragment=\"1\"> BMW M3 (86-90), BMW 318i (83-90), BMW 325e | is | i | is (84-90), BMW 528e (85-88), BMW M5 | 5 series (85-88), BMW 6 Series (87), BMW 7 Series (except 740i) (87-93).<\/span><\/p>\n<p>&nbsp;<\/p>\n<p><strong>NRG Innovations products are designed for off-road use only.<\/strong><\/p>","protected":false},"featured_media":16587,"comment_status":"open","ping_status":"closed","template":"","meta":{"_acf_changed":false,"rank_math_lock_modified_date":false},"pwb-brand":[611],"product_cat":[2706,664],"product_tag":[770,775,776,777,778,771,772,774,769,773,623,681,3092],"class_list":{"0":"post-16583","1":"product","2":"type-product","3":"status-publish","4":"has-post-thumbnail","6":"pwb-brand-nrg-innovations","7":"product_cat-pina-short-hub","8":"product_cat-pina-volante","9":"product_tag-bmw-318i-83-90","10":"product_tag-bmw-325e-84-90","11":"product_tag-bmw-325es-84-90","12":"product_tag-bmw-325i-84-90","13":"product_tag-bmw-325is-84-90","14":"product_tag-bmw-528e-85-88","15":"product_tag-bmw-6-series-87","16":"product_tag-bmw-7-series-87-93","17":"product_tag-bmw-m3-86-90","18":"product_tag-bmw-m5-85-88","19":"product_tag-nrg-innovations","20":"product_tag-pina-volante","21":"product_tag-srk-e30h","23":"first","24":"instock","25":"taxable","26":"shipping-taxable","27":"purchasable","28":"product-type-simple"},"acf":[],"brands":[{"id":611,"name":"NRG Innovations","slug":"nrg-innovations"}],"_links":{"self":[{"href":"https:\/\/karwork.eu\/en\/wp-json\/wp\/v2\/product\/16583","targetHints":{"allow":["GET"]}}],"collection":[{"href":"https:\/\/karwork.eu\/en\/wp-json\/wp\/v2\/product"}],"about":[{"href":"https:\/\/karwork.eu\/en\/wp-json\/wp\/v2\/types\/product"}],"replies":[{"embeddable":true,"href":"https:\/\/karwork.eu\/en\/wp-json\/wp\/v2\/comments?post=16583"}],"wp:featuredmedia":[{"embeddable":true,"href":"https:\/\/karwork.eu\/en\/wp-json\/wp\/v2\/media\/16587"}],"wp:attachment":[{"href":"https:\/\/karwork.eu\/en\/wp-json\/wp\/v2\/media?parent=16583"}],"wp:term":[{"taxonomy":"pwb-brand","embeddable":true,"href":"https:\/\/karwork.eu\/en\/wp-json\/wp\/v2\/pwb-brand?post=16583"},{"taxonomy":"product_cat","embeddable":true,"href":"https:\/\/karwork.eu\/en\/wp-json\/wp\/v2\/product_cat?post=16583"},{"taxonomy":"product_tag","embeddable":true,"href":"https:\/\/karwork.eu\/en\/wp-json\/wp\/v2\/product_tag?post=16583"}],"curies":[{"name":"wp","href":"https:\/\/api.w.org\/{rel}","templated":true}]}}