{"id":16524,"date":"2022-08-24T19:23:50","date_gmt":"2022-08-24T19:23:50","guid":{"rendered":"https:\/\/karwork.eu\/?post_type=product&#038;p=16524"},"modified":"2025-01-25T20:40:28","modified_gmt":"2025-01-25T19:40:28","slug":"pina-volante-49","status":"publish","type":"product","link":"https:\/\/karwork.eu\/en\/product\/pina-volante-49\/","title":{"rendered":"Pi\u00f1a volante &#8211; SRK-183H"},"content":{"rendered":"","protected":false},"excerpt":{"rendered":"<p>Pi\u00f1a volante &#8211; SRK-183H Esta pi\u00f1a fue dise\u00f1ada para ponerla con Quick Release, con la superficie de montaje m\u00e1s corta posible y al mismo tiempo conserva la capacidad de usar la bocina y las se\u00f1ales de giro aproximadamente el 99% del tiempo. De aluminio anodizado 6061 y patr\u00f3n de pernos de 6&#215;70, que viene con resistencias. En caso de no llevar quick release, puede que sea necesario un separador.<\/p>\n<p>Pineapple for;<span data-sanitized-data-mce-fragment=\"1\"> Porsche Boxster (2015-2019), Porsche 911 (2015-2019), Porsche Spyder (2015), Porsche Cayenne (2015-2019), Porsche Panamera (2017-2019), Porsche Macan (2014-2019), Audi RS4 (2012) -2018), Audi RS5 (2012-2016), Audi RS6 (2012-2016), Audi S3 (2014-2017), Audi S4 (2014-2016), Audi S5 (2012-2016), Audi A3 (2003-2020 ), Audi A4 (2000-2019), Audi A5 (2018-2019), Audi Q2 (2017-2020), VW Golf (2003-2020).<br \/>\n<\/span><\/p>\n<p>&nbsp;<\/p>\n<p><strong>NRG Innovations products are designed for off-road use only.<\/strong><\/p>","protected":false},"featured_media":16528,"comment_status":"open","ping_status":"closed","template":"","meta":{"_acf_changed":false,"rank_math_lock_modified_date":false},"pwb-brand":[611],"product_cat":[2706,664],"product_tag":[3794,3795,3796,3797,3788,3789,3790,3791,3792,3793,623,681,3783,3782,3785,3787,3786,3784,3103,3798],"class_list":{"0":"post-16524","1":"product","2":"type-product","3":"status-publish","4":"has-post-thumbnail","6":"pwb-brand-nrg-innovations","7":"product_cat-pina-short-hub","8":"product_cat-pina-volante","9":"product_tag-audi-a3-2003-2020","10":"product_tag-audi-a4-2000-2019","11":"product_tag-audi-a5-2018-2019","12":"product_tag-audi-q2-2017-2020","13":"product_tag-audi-rs4-2012-2018","14":"product_tag-audi-rs5-2012-2016","15":"product_tag-audi-rs6-2012-2016","16":"product_tag-audi-s3-2014-2017","17":"product_tag-audi-s4-2014-2016","18":"product_tag-audi-s5-2012-2016","19":"product_tag-nrg-innovations","20":"product_tag-pina-volante","21":"product_tag-porsche-911-2015-2019","22":"product_tag-porsche-boxster-2015-2019","23":"product_tag-porsche-cayenne-2015-2019","24":"product_tag-porsche-macan-2014-2019","25":"product_tag-porsche-panamera-2017-2019","26":"product_tag-porsche-spyder-2015","27":"product_tag-srk-183h","28":"product_tag-vw-golf-2003-2020","30":"first","31":"instock","32":"taxable","33":"shipping-taxable","34":"purchasable","35":"product-type-simple"},"acf":[],"brands":[{"id":611,"name":"NRG Innovations","slug":"nrg-innovations"}],"_links":{"self":[{"href":"https:\/\/karwork.eu\/en\/wp-json\/wp\/v2\/product\/16524","targetHints":{"allow":["GET"]}}],"collection":[{"href":"https:\/\/karwork.eu\/en\/wp-json\/wp\/v2\/product"}],"about":[{"href":"https:\/\/karwork.eu\/en\/wp-json\/wp\/v2\/types\/product"}],"replies":[{"embeddable":true,"href":"https:\/\/karwork.eu\/en\/wp-json\/wp\/v2\/comments?post=16524"}],"wp:featuredmedia":[{"embeddable":true,"href":"https:\/\/karwork.eu\/en\/wp-json\/wp\/v2\/media\/16528"}],"wp:attachment":[{"href":"https:\/\/karwork.eu\/en\/wp-json\/wp\/v2\/media?parent=16524"}],"wp:term":[{"taxonomy":"pwb-brand","embeddable":true,"href":"https:\/\/karwork.eu\/en\/wp-json\/wp\/v2\/pwb-brand?post=16524"},{"taxonomy":"product_cat","embeddable":true,"href":"https:\/\/karwork.eu\/en\/wp-json\/wp\/v2\/product_cat?post=16524"},{"taxonomy":"product_tag","embeddable":true,"href":"https:\/\/karwork.eu\/en\/wp-json\/wp\/v2\/product_tag?post=16524"}],"curies":[{"name":"wp","href":"https:\/\/api.w.org\/{rel}","templated":true}]}}