{"id":16513,"date":"2022-08-24T19:09:31","date_gmt":"2022-08-24T19:09:31","guid":{"rendered":"https:\/\/karwork.eu\/?post_type=product&#038;p=16513"},"modified":"2025-01-25T20:42:37","modified_gmt":"2025-01-25T19:42:37","slug":"pina-volante-srk-180h","status":"publish","type":"product","link":"https:\/\/karwork.eu\/en\/product\/pina-volante-srk-180h\/","title":{"rendered":"Pi\u00f1a volante &#8211; SRK-180H"},"content":{"rendered":"","protected":false},"excerpt":{"rendered":"<p>Pi\u00f1a volante &#8211; SRK-180H Esta pi\u00f1a fue dise\u00f1ada para ponerla con Quick Release, con la superficie de montaje m\u00e1s corta posible y al mismo tiempo conserva la capacidad de usar la bocina y las se\u00f1ales de giro aproximadamente el 99% del tiempo. De aluminio anodizado 6061 y patr\u00f3n de pernos de 6&#215;70, que viene con resistencias. En caso de no llevar quick release, puede que sea necesario un separador.<\/p>\n<p>Pineapple for;<span data-sanitized-data-mce-fragment=\"1\"> Audi A4 (98+), Audi A6 (97-99), Audi A8 (97-03), VW Golf (99+), Lamborghini Gallardo, Audi R8<br \/>\n<\/span><\/p>\n<p><strong>NRG Innovations products are designed for off-road use only.<\/strong><\/p>","protected":false},"featured_media":16518,"comment_status":"open","ping_status":"closed","template":"","meta":{"_acf_changed":false,"rank_math_lock_modified_date":false},"pwb-brand":[611],"product_cat":[2706,664],"product_tag":[795,796,797,800,799,623,681,3105,798],"class_list":{"0":"post-16513","1":"product","2":"type-product","3":"status-publish","4":"has-post-thumbnail","6":"pwb-brand-nrg-innovations","7":"product_cat-pina-short-hub","8":"product_cat-pina-volante","9":"product_tag-audi-a4-98","10":"product_tag-audi-a6-97-99","11":"product_tag-audi-a8-97-03","12":"product_tag-audi-r8","13":"product_tag-lamborghini-gallardo","14":"product_tag-nrg-innovations","15":"product_tag-pina-volante","16":"product_tag-srk-180h","17":"product_tag-vw-golf-99","19":"first","20":"instock","21":"taxable","22":"shipping-taxable","23":"purchasable","24":"product-type-simple"},"acf":[],"brands":[{"id":611,"name":"NRG Innovations","slug":"nrg-innovations"}],"_links":{"self":[{"href":"https:\/\/karwork.eu\/en\/wp-json\/wp\/v2\/product\/16513","targetHints":{"allow":["GET"]}}],"collection":[{"href":"https:\/\/karwork.eu\/en\/wp-json\/wp\/v2\/product"}],"about":[{"href":"https:\/\/karwork.eu\/en\/wp-json\/wp\/v2\/types\/product"}],"replies":[{"embeddable":true,"href":"https:\/\/karwork.eu\/en\/wp-json\/wp\/v2\/comments?post=16513"}],"wp:featuredmedia":[{"embeddable":true,"href":"https:\/\/karwork.eu\/en\/wp-json\/wp\/v2\/media\/16518"}],"wp:attachment":[{"href":"https:\/\/karwork.eu\/en\/wp-json\/wp\/v2\/media?parent=16513"}],"wp:term":[{"taxonomy":"pwb-brand","embeddable":true,"href":"https:\/\/karwork.eu\/en\/wp-json\/wp\/v2\/pwb-brand?post=16513"},{"taxonomy":"product_cat","embeddable":true,"href":"https:\/\/karwork.eu\/en\/wp-json\/wp\/v2\/product_cat?post=16513"},{"taxonomy":"product_tag","embeddable":true,"href":"https:\/\/karwork.eu\/en\/wp-json\/wp\/v2\/product_tag?post=16513"}],"curies":[{"name":"wp","href":"https:\/\/api.w.org\/{rel}","templated":true}]}}