{"id":16453,"date":"2022-08-10T19:01:03","date_gmt":"2022-08-10T19:01:03","guid":{"rendered":"https:\/\/karwork.eu\/?post_type=product&#038;p=16453"},"modified":"2025-01-25T20:54:53","modified_gmt":"2025-01-25T19:54:53","slug":"pina-volante-srk-170h","status":"publish","type":"product","link":"https:\/\/karwork.eu\/en\/product\/pina-volante-srk-170h\/","title":{"rendered":"Pi\u00f1a volante &#8211; SRK-170H &#8211; NRG Innovations"},"content":{"rendered":"","protected":false},"excerpt":{"rendered":"<p>Pi\u00f1a volante &#8211; SRK-170H &#8211; Esta pi\u00f1a fue dise\u00f1ada para ponerla con Quick Release, con la superficie de montaje m\u00e1s corta posible y al mismo tiempo conserva la capacidad de usar la bocina y las se\u00f1ales de giro aproximadamente el 99% del tiempo. De aluminio anodizado 6061 y patr\u00f3n de pernos de 6&#215;70, que viene con resistencias.<\/p>\n<p>Pineapple for;<span data-sanitized-data-mce-fragment=\"1\"> <em>69-94 <\/em>Dodge | GM | Chevy, Buick | Cadillac | Oldsmobile, Chevrolet Blazer, Chevrolet Cavalier, Chevrolet Corvette, Chevrolet Suburban, Chevrolet C10, Dodge Viper, GMC Jimmy, GMC Yukon, GMC S-15, GMC Suburban, GMC Typhoon, Jeep Cherokee, Jeep Renegade, Jeep Wrangler, Jeep CJ 5 | 6| 7, Pontiac, Chevrolet Camaro (69-05), GMC Sonoma (93+), Ididit Customs (all), Flaming River (all).\u00a0<\/span><\/p>\n<p>&nbsp;<\/p>\n<p><strong>NRG Innovations products are designed for off-road use only.<\/strong><\/p>","protected":false},"featured_media":16457,"comment_status":"open","ping_status":"closed","template":"","meta":{"_acf_changed":false,"rank_math_lock_modified_date":false},"pwb-brand":[611],"product_cat":[2706,664],"product_tag":[3806,3807,3808,3812,3824,3809,3810,3811,3813,3827,3814,3816,3825,3817,3818,3815,3826,3819,3822,3820,3821,623,681,3823,3116],"class_list":{"0":"post-16453","1":"product","2":"type-product","3":"status-publish","4":"has-post-thumbnail","6":"pwb-brand-nrg-innovations","7":"product_cat-pina-short-hub","8":"product_cat-pina-volante","9":"product_tag-69-94-dodge-gm-chevy","10":"product_tag-buick-cadillac-oldsmobile","11":"product_tag-chevrolet-blazer","12":"product_tag-chevrolet-c10","13":"product_tag-chevrolet-camaro-69-05","14":"product_tag-chevrolet-cavalier","15":"product_tag-chevrolet-corvette","16":"product_tag-chevrolet-suburban","17":"product_tag-dodge-viper","18":"product_tag-flaming-river-todos","19":"product_tag-gmc-jimmy","20":"product_tag-gmc-s-15","21":"product_tag-gmc-sonoma-93","22":"product_tag-gmc-suburban","23":"product_tag-gmc-typhoon","24":"product_tag-gmc-yukon","25":"product_tag-ididit-customs-todos","26":"product_tag-jeep-cherokee","27":"product_tag-jeep-cj-5-6-7","28":"product_tag-jeep-renegade","29":"product_tag-jeep-wrangler","30":"product_tag-nrg-innovations","31":"product_tag-pina-volante","32":"product_tag-pontiac","33":"product_tag-srk-170h","35":"first","36":"instock","37":"taxable","38":"shipping-taxable","39":"purchasable","40":"product-type-simple"},"acf":[],"brands":[{"id":611,"name":"NRG Innovations","slug":"nrg-innovations"}],"_links":{"self":[{"href":"https:\/\/karwork.eu\/en\/wp-json\/wp\/v2\/product\/16453","targetHints":{"allow":["GET"]}}],"collection":[{"href":"https:\/\/karwork.eu\/en\/wp-json\/wp\/v2\/product"}],"about":[{"href":"https:\/\/karwork.eu\/en\/wp-json\/wp\/v2\/types\/product"}],"replies":[{"embeddable":true,"href":"https:\/\/karwork.eu\/en\/wp-json\/wp\/v2\/comments?post=16453"}],"wp:featuredmedia":[{"embeddable":true,"href":"https:\/\/karwork.eu\/en\/wp-json\/wp\/v2\/media\/16457"}],"wp:attachment":[{"href":"https:\/\/karwork.eu\/en\/wp-json\/wp\/v2\/media?parent=16453"}],"wp:term":[{"taxonomy":"pwb-brand","embeddable":true,"href":"https:\/\/karwork.eu\/en\/wp-json\/wp\/v2\/pwb-brand?post=16453"},{"taxonomy":"product_cat","embeddable":true,"href":"https:\/\/karwork.eu\/en\/wp-json\/wp\/v2\/product_cat?post=16453"},{"taxonomy":"product_tag","embeddable":true,"href":"https:\/\/karwork.eu\/en\/wp-json\/wp\/v2\/product_tag?post=16453"}],"curies":[{"name":"wp","href":"https:\/\/api.w.org\/{rel}","templated":true}]}}