{"id":16170,"date":"2022-07-24T17:06:54","date_gmt":"2022-07-24T17:06:54","guid":{"rendered":"https:\/\/karwork.eu\/?post_type=product&#038;p=16170"},"modified":"2023-12-16T16:55:43","modified_gmt":"2023-12-16T16:55:43","slug":"bucket-competicion-fia-3","status":"publish","type":"product","link":"https:\/\/karwork.eu\/en\/product\/bucket-competicion-fia-3\/","title":{"rendered":"Bucket FIA Competition"},"content":{"rendered":"","protected":false},"excerpt":{"rendered":"<p>Bucket Competici\u00f3n que cumple con la FIA. Este bucket est\u00e1 dise\u00f1ado para cualquier situaci\u00f3n, ya sea atravesar carreteras secundarias en su UTV, levantar arena en el desierto o triturar llantas en la pista. Este asiento ha demostrado que est\u00e1 dise\u00f1ado para dichas necesidades en cuesti\u00f3n, con muchos conductores profesionales de organizaciones que lo utilizan como: Formula Drift, Ultra 4, SCORE, NASA, SCCA y muchas m\u00e1s. Talla S. Disponible bajo pedido.<\/p>\n<p>&nbsp;<\/p>\n<p><strong>NRG Innovations products are designed for off-road use only.<\/strong><\/p>","protected":false},"featured_media":16176,"comment_status":"open","ping_status":"closed","template":"","meta":{"_acf_changed":false,"rank_math_lock_modified_date":false},"pwb-brand":[611],"product_cat":[2315],"product_tag":[683,623],"class_list":{"0":"post-16170","1":"product","2":"type-product","3":"status-publish","4":"has-post-thumbnail","6":"pwb-brand-nrg-innovations","7":"product_cat-fia-asientos","8":"product_tag-buckets","9":"product_tag-nrg-innovations","10":"product_shipping_class-pesados","12":"first","13":"instock","14":"taxable","15":"shipping-taxable","16":"purchasable","17":"product-type-simple"},"acf":[],"brands":[{"id":611,"name":"NRG Innovations","slug":"nrg-innovations"}],"_links":{"self":[{"href":"https:\/\/karwork.eu\/en\/wp-json\/wp\/v2\/product\/16170","targetHints":{"allow":["GET"]}}],"collection":[{"href":"https:\/\/karwork.eu\/en\/wp-json\/wp\/v2\/product"}],"about":[{"href":"https:\/\/karwork.eu\/en\/wp-json\/wp\/v2\/types\/product"}],"replies":[{"embeddable":true,"href":"https:\/\/karwork.eu\/en\/wp-json\/wp\/v2\/comments?post=16170"}],"wp:featuredmedia":[{"embeddable":true,"href":"https:\/\/karwork.eu\/en\/wp-json\/wp\/v2\/media\/16176"}],"wp:attachment":[{"href":"https:\/\/karwork.eu\/en\/wp-json\/wp\/v2\/media?parent=16170"}],"wp:term":[{"taxonomy":"pwb-brand","embeddable":true,"href":"https:\/\/karwork.eu\/en\/wp-json\/wp\/v2\/pwb-brand?post=16170"},{"taxonomy":"product_cat","embeddable":true,"href":"https:\/\/karwork.eu\/en\/wp-json\/wp\/v2\/product_cat?post=16170"},{"taxonomy":"product_tag","embeddable":true,"href":"https:\/\/karwork.eu\/en\/wp-json\/wp\/v2\/product_tag?post=16170"}],"curies":[{"name":"wp","href":"https:\/\/api.w.org\/{rel}","templated":true}]}}