{"id":16075,"date":"2022-07-24T14:13:04","date_gmt":"2022-07-24T14:13:04","guid":{"rendered":"https:\/\/karwork.eu\/?post_type=product&#038;p=16075"},"modified":"2023-08-25T15:46:48","modified_gmt":"2023-08-25T15:46:48","slug":"buckets-shield","status":"publish","type":"product","link":"https:\/\/karwork.eu\/en\/product\/buckets-shield\/","title":{"rendered":"Bucket Shield"},"content":{"rendered":"","protected":false},"excerpt":{"rendered":"<p>El bucket Shield, en talla M, fiel a nuestro dise\u00f1o de una d\u00e9cada que en realidad inspir\u00f3 nuestra l\u00ednea de buckets m\u00e1s nueva y exitosa. El FRP-310 luce una capa adicional de FRP para mayor rigidez, al mismo tiempo que presenta una comodidad y un estilo similares a los de algunos de los buckets m\u00e1s caros de la categor\u00eda. Estos asientos est\u00e1n dise\u00f1ados para verse bien, sentirse bien y soportar el entorno mejor que el resto por su impermeabilidad.\u00a0Disponible bajo pedido.<\/p>\n<p>&nbsp;<\/p>\n<p><strong>NRG Innovations products are designed for off-road use only.<\/strong><\/p>","protected":false},"featured_media":16073,"comment_status":"open","ping_status":"closed","template":"","meta":{"_acf_changed":false,"rank_math_lock_modified_date":false},"pwb-brand":[611],"product_cat":[113],"product_tag":[683,623],"class_list":{"0":"post-16075","1":"product","2":"type-product","3":"status-publish","4":"has-post-thumbnail","6":"pwb-brand-nrg-innovations","7":"product_cat-asientos-buckets","8":"product_tag-buckets","9":"product_tag-nrg-innovations","11":"first","12":"instock","13":"taxable","14":"shipping-taxable","15":"purchasable","16":"product-type-simple"},"acf":[],"brands":[{"id":611,"name":"NRG Innovations","slug":"nrg-innovations"}],"_links":{"self":[{"href":"https:\/\/karwork.eu\/en\/wp-json\/wp\/v2\/product\/16075","targetHints":{"allow":["GET"]}}],"collection":[{"href":"https:\/\/karwork.eu\/en\/wp-json\/wp\/v2\/product"}],"about":[{"href":"https:\/\/karwork.eu\/en\/wp-json\/wp\/v2\/types\/product"}],"replies":[{"embeddable":true,"href":"https:\/\/karwork.eu\/en\/wp-json\/wp\/v2\/comments?post=16075"}],"wp:featuredmedia":[{"embeddable":true,"href":"https:\/\/karwork.eu\/en\/wp-json\/wp\/v2\/media\/16073"}],"wp:attachment":[{"href":"https:\/\/karwork.eu\/en\/wp-json\/wp\/v2\/media?parent=16075"}],"wp:term":[{"taxonomy":"pwb-brand","embeddable":true,"href":"https:\/\/karwork.eu\/en\/wp-json\/wp\/v2\/pwb-brand?post=16075"},{"taxonomy":"product_cat","embeddable":true,"href":"https:\/\/karwork.eu\/en\/wp-json\/wp\/v2\/product_cat?post=16075"},{"taxonomy":"product_tag","embeddable":true,"href":"https:\/\/karwork.eu\/en\/wp-json\/wp\/v2\/product_tag?post=16075"}],"curies":[{"name":"wp","href":"https:\/\/api.w.org\/{rel}","templated":true}]}}