{"id":15680,"date":"2022-07-16T15:26:57","date_gmt":"2022-07-16T15:26:57","guid":{"rendered":"https:\/\/karwork.eu\/?post_type=product&#038;p=15680"},"modified":"2024-04-07T21:27:35","modified_gmt":"2024-04-07T21:27:35","slug":"sfi-key-quick-release-extraible-rapido-para-volante-6","status":"publish","type":"product","link":"https:\/\/karwork.eu\/en\/product\/sfi-key-quick-release-extraible-rapido-para-volante-6\/","title":{"rendered":"SFI Key Quick Release Extraible R\u00e1pido Red para volante"},"content":{"rendered":"","protected":false},"excerpt":{"rendered":"<p>SFI Key Quick Release Extraible R\u00e1pido Red &#8211; El modelo SFI Quick Release aprobado por SFI, ignifugo y algo m\u00e1s corto al resto de modelos,en concreto con 1.8&#8243; de profundidad y ultra ligero. Presenta muchas opciones que el sistema convencional de liberaci\u00f3n r\u00e1pida con bloqueo de bola no ofrece. Sin bocina, patr\u00f3n de pernos de 6&#215;70 mm.<\/p>\n<p>&nbsp;<\/p>\n<p><strong>NRG Innovations products are designed for off-road use only.<\/strong><\/p>","protected":false},"featured_media":15660,"comment_status":"open","ping_status":"closed","template":"","meta":{"_acf_changed":false,"rank_math_lock_modified_date":false},"pwb-brand":[611],"product_cat":[3546,2247],"product_tag":[647,623,648,3553],"class_list":{"0":"post-15680","1":"product","2":"type-product","3":"status-publish","4":"has-post-thumbnail","6":"pwb-brand-nrg-innovations","7":"product_cat-sfi-key","8":"product_cat-sim-racing-x-nrg-innovations","9":"product_tag-extraibles","10":"product_tag-nrg-innovations","11":"product_tag-quick-release","12":"product_tag-sfi-key-quick-release-extraible-rapido-red","14":"first","15":"instock","16":"taxable","17":"shipping-taxable","18":"purchasable","19":"product-type-simple"},"acf":[],"brands":[{"id":611,"name":"NRG Innovations","slug":"nrg-innovations"}],"_links":{"self":[{"href":"https:\/\/karwork.eu\/en\/wp-json\/wp\/v2\/product\/15680","targetHints":{"allow":["GET"]}}],"collection":[{"href":"https:\/\/karwork.eu\/en\/wp-json\/wp\/v2\/product"}],"about":[{"href":"https:\/\/karwork.eu\/en\/wp-json\/wp\/v2\/types\/product"}],"replies":[{"embeddable":true,"href":"https:\/\/karwork.eu\/en\/wp-json\/wp\/v2\/comments?post=15680"}],"wp:featuredmedia":[{"embeddable":true,"href":"https:\/\/karwork.eu\/en\/wp-json\/wp\/v2\/media\/15660"}],"wp:attachment":[{"href":"https:\/\/karwork.eu\/en\/wp-json\/wp\/v2\/media?parent=15680"}],"wp:term":[{"taxonomy":"pwb-brand","embeddable":true,"href":"https:\/\/karwork.eu\/en\/wp-json\/wp\/v2\/pwb-brand?post=15680"},{"taxonomy":"product_cat","embeddable":true,"href":"https:\/\/karwork.eu\/en\/wp-json\/wp\/v2\/product_cat?post=15680"},{"taxonomy":"product_tag","embeddable":true,"href":"https:\/\/karwork.eu\/en\/wp-json\/wp\/v2\/product_tag?post=15680"}],"curies":[{"name":"wp","href":"https:\/\/api.w.org\/{rel}","templated":true}]}}