{"id":15204,"date":"2022-07-09T18:53:22","date_gmt":"2022-07-09T18:53:22","guid":{"rendered":"https:\/\/karwork.eu\/?post_type=product&#038;p=15204"},"modified":"2024-05-18T15:08:46","modified_gmt":"2024-05-18T15:08:46","slug":"2-1-quick-release-extraible-rapido-para-volante-6","status":"publish","type":"product","link":"https:\/\/karwork.eu\/en\/product\/2-1-quick-release-extraible-rapido-para-volante-6\/","title":{"rendered":"2.1 Quick Release Extraible R\u00e1pido Orange para volante"},"content":{"rendered":"","protected":false},"excerpt":{"rendered":"<p>2.1 Quick Release Extraible R\u00e1pido Orange &#8211; La Generaci\u00f3n 2.1. es una extensi\u00f3n del 2.0., el Quick Release m\u00e1s vendidade 2.5&#8243; que presenta muchas opciones que el sistema convencional de liberaci\u00f3n r\u00e1pida con bloqueo de bola no ofrece. Est\u00e1 especialmente dise\u00f1ada con secciones elevadas para evitar que se raye y se estire, mientras que una funci\u00f3n de bloqueo autom\u00e1tico agrega mayor seguridad y funcionalidad. Cada unidad est\u00e1 hecha de aluminio 6061 de la m\u00e1s alta calidad y est\u00e1 anodizada para una m\u00e1xima durabilidad y acabado. Cables de bocina incluidos, patr\u00f3n de pernos de 6&#215;70 mm y 6&#215;74 mm del lado del volante<\/p>\n<p>&nbsp;<\/p>\n<p><strong>NRG Innovations products are designed for off-road use only.<\/strong><\/p>","protected":false},"featured_media":15222,"comment_status":"open","ping_status":"closed","template":"","meta":{"_acf_changed":false,"rank_math_lock_modified_date":false},"pwb-brand":[611],"product_cat":[3621],"product_tag":[3391,2292,647,623,648,3390],"class_list":{"0":"post-15204","1":"product","2":"type-product","3":"status-publish","4":"has-post-thumbnail","6":"pwb-brand-nrg-innovations","7":"product_cat-2-1","8":"product_tag-2-1-quick-release-extraible-rapido-orange","9":"product_tag-2-1","10":"product_tag-extraibles","11":"product_tag-nrg-innovations","12":"product_tag-quick-release","13":"product_tag-srk-210or-bk","15":"first","16":"instock","17":"taxable","18":"shipping-taxable","19":"purchasable","20":"product-type-simple"},"acf":[],"brands":[{"id":611,"name":"NRG Innovations","slug":"nrg-innovations"}],"_links":{"self":[{"href":"https:\/\/karwork.eu\/en\/wp-json\/wp\/v2\/product\/15204","targetHints":{"allow":["GET"]}}],"collection":[{"href":"https:\/\/karwork.eu\/en\/wp-json\/wp\/v2\/product"}],"about":[{"href":"https:\/\/karwork.eu\/en\/wp-json\/wp\/v2\/types\/product"}],"replies":[{"embeddable":true,"href":"https:\/\/karwork.eu\/en\/wp-json\/wp\/v2\/comments?post=15204"}],"wp:featuredmedia":[{"embeddable":true,"href":"https:\/\/karwork.eu\/en\/wp-json\/wp\/v2\/media\/15222"}],"wp:attachment":[{"href":"https:\/\/karwork.eu\/en\/wp-json\/wp\/v2\/media?parent=15204"}],"wp:term":[{"taxonomy":"pwb-brand","embeddable":true,"href":"https:\/\/karwork.eu\/en\/wp-json\/wp\/v2\/pwb-brand?post=15204"},{"taxonomy":"product_cat","embeddable":true,"href":"https:\/\/karwork.eu\/en\/wp-json\/wp\/v2\/product_cat?post=15204"},{"taxonomy":"product_tag","embeddable":true,"href":"https:\/\/karwork.eu\/en\/wp-json\/wp\/v2\/product_tag?post=15204"}],"curies":[{"name":"wp","href":"https:\/\/api.w.org\/{rel}","templated":true}]}}