{"id":15111,"date":"2022-07-09T12:13:20","date_gmt":"2022-07-09T12:13:20","guid":{"rendered":"https:\/\/karwork.eu\/?post_type=product&#038;p=15111"},"modified":"2024-04-26T15:20:36","modified_gmt":"2024-04-26T15:20:36","slug":"arnes-rojo","status":"publish","type":"product","link":"https:\/\/karwork.eu\/en\/product\/arnes-rojo\/","title":{"rendered":"Arn\u00e9s Rojo cintur\u00f3n de seguridad cierre eslab\u00f3n SFI"},"content":{"rendered":"","protected":false},"excerpt":{"rendered":"<p>Arn\u00e9s Rojo cintur\u00f3n de seguridad cierre eslab\u00f3n SFI &#8211; Arneses de carreras Cam-lock aprobados por SFI 16.1. Con correas de 3&#8243; de ancho unidas al eslab\u00f3n de cierre, con una subcorrea de 2&#8243; incluida. L\u00edmite de 2 a\u00f1os en la certificaci\u00f3n SFI. Cintur\u00f3n NRG con logo degradado y almohadilla acolchada.<\/p>\n<p>&nbsp;<\/p>\n<p><strong>NRG Innovations products are designed for off-road use only.<\/strong><\/p>","protected":false},"featured_media":15115,"comment_status":"open","ping_status":"closed","template":"","meta":{"_acf_changed":false,"rank_math_lock_modified_date":false},"pwb-brand":[611],"product_cat":[2229],"product_tag":[2310,3610,638,623,1008],"class_list":{"0":"post-15111","1":"product","2":"type-product","3":"status-publish","4":"has-post-thumbnail","6":"pwb-brand-nrg-innovations","7":"product_cat-5-puntos","8":"product_tag-4-puntos","9":"product_tag-arnes-rojo-cinturon-de-seguridad-cierre-eslabon-sfi","10":"product_tag-arneses","11":"product_tag-nrg-innovations","12":"product_tag-rojo","14":"first","15":"instock","16":"taxable","17":"shipping-taxable","18":"purchasable","19":"product-type-simple"},"acf":[],"brands":[{"id":611,"name":"NRG Innovations","slug":"nrg-innovations"}],"_links":{"self":[{"href":"https:\/\/karwork.eu\/en\/wp-json\/wp\/v2\/product\/15111","targetHints":{"allow":["GET"]}}],"collection":[{"href":"https:\/\/karwork.eu\/en\/wp-json\/wp\/v2\/product"}],"about":[{"href":"https:\/\/karwork.eu\/en\/wp-json\/wp\/v2\/types\/product"}],"replies":[{"embeddable":true,"href":"https:\/\/karwork.eu\/en\/wp-json\/wp\/v2\/comments?post=15111"}],"wp:featuredmedia":[{"embeddable":true,"href":"https:\/\/karwork.eu\/en\/wp-json\/wp\/v2\/media\/15115"}],"wp:attachment":[{"href":"https:\/\/karwork.eu\/en\/wp-json\/wp\/v2\/media?parent=15111"}],"wp:term":[{"taxonomy":"pwb-brand","embeddable":true,"href":"https:\/\/karwork.eu\/en\/wp-json\/wp\/v2\/pwb-brand?post=15111"},{"taxonomy":"product_cat","embeddable":true,"href":"https:\/\/karwork.eu\/en\/wp-json\/wp\/v2\/product_cat?post=15111"},{"taxonomy":"product_tag","embeddable":true,"href":"https:\/\/karwork.eu\/en\/wp-json\/wp\/v2\/product_tag?post=15111"}],"curies":[{"name":"wp","href":"https:\/\/api.w.org\/{rel}","templated":true}]}}