{"id":15021,"date":"2022-07-07T18:33:07","date_gmt":"2022-07-07T18:33:07","guid":{"rendered":"https:\/\/karwork.eu\/?post_type=product&#038;p=15021"},"modified":"2024-03-01T17:56:15","modified_gmt":"2024-03-01T17:56:15","slug":"volante-32cm-de-cuero-4","status":"publish","type":"product","link":"https:\/\/karwork.eu\/en\/product\/volante-32cm-de-cuero-4\/","title":{"rendered":"Volante 32cm de cuero &#8211; RST-007R"},"content":{"rendered":"","protected":false},"excerpt":{"rendered":"<p><span>Volante de reforzado y ligero de 32cm. En 2016, se aument\u00f3 un 25 % el grosor del material, as\u00ed como un 50 % m\u00e1s de soldadura en un halo de aleaci\u00f3n que se extiende por todo el volante. Haciendo de estos los volantes m\u00e1s resistentes del mercado.\u00a0El RST-007R est\u00e1 envuelto en cuero suave para darle ese aspecto lujoso al interior de su autom\u00f3vil.\u00a0El bot\u00f3n dual est\u00e1 dise\u00f1ado ergon\u00f3micamente al alcance de sus pulgares para facilitar el acceso. <\/span>Radios con doble remache para una mayor resistencia.<\/p>\n<p>&nbsp;<\/p>\n<p><strong>NRG Innovations products are designed for off-road use only.<\/strong><\/p>","protected":false},"featured_media":15024,"comment_status":"open","ping_status":"closed","template":"","meta":{"_acf_changed":false,"rank_math_lock_modified_date":false},"pwb-brand":[611],"product_cat":[1578],"product_tag":[1038,623,3164,622],"class_list":{"0":"post-15021","1":"product","2":"type-product","3":"status-publish","4":"has-post-thumbnail","6":"pwb-brand-nrg-innovations","7":"product_cat-cuero","8":"product_tag-cuero","9":"product_tag-nrg-innovations","10":"product_tag-rst-007r","11":"product_tag-volante","13":"first","14":"instock","15":"taxable","16":"shipping-taxable","17":"purchasable","18":"product-type-simple"},"acf":[],"brands":[{"id":611,"name":"NRG Innovations","slug":"nrg-innovations"}],"_links":{"self":[{"href":"https:\/\/karwork.eu\/en\/wp-json\/wp\/v2\/product\/15021","targetHints":{"allow":["GET"]}}],"collection":[{"href":"https:\/\/karwork.eu\/en\/wp-json\/wp\/v2\/product"}],"about":[{"href":"https:\/\/karwork.eu\/en\/wp-json\/wp\/v2\/types\/product"}],"replies":[{"embeddable":true,"href":"https:\/\/karwork.eu\/en\/wp-json\/wp\/v2\/comments?post=15021"}],"wp:featuredmedia":[{"embeddable":true,"href":"https:\/\/karwork.eu\/en\/wp-json\/wp\/v2\/media\/15024"}],"wp:attachment":[{"href":"https:\/\/karwork.eu\/en\/wp-json\/wp\/v2\/media?parent=15021"}],"wp:term":[{"taxonomy":"pwb-brand","embeddable":true,"href":"https:\/\/karwork.eu\/en\/wp-json\/wp\/v2\/pwb-brand?post=15021"},{"taxonomy":"product_cat","embeddable":true,"href":"https:\/\/karwork.eu\/en\/wp-json\/wp\/v2\/product_cat?post=15021"},{"taxonomy":"product_tag","embeddable":true,"href":"https:\/\/karwork.eu\/en\/wp-json\/wp\/v2\/product_tag?post=15021"}],"curies":[{"name":"wp","href":"https:\/\/api.w.org\/{rel}","templated":true}]}}