{"id":14517,"date":"2022-06-19T16:01:38","date_gmt":"2022-06-19T16:01:38","guid":{"rendered":"https:\/\/karwork.eu\/?post_type=product&#038;p=14517"},"modified":"2024-03-01T17:52:58","modified_gmt":"2024-03-01T17:52:58","slug":"volante-de-35cm-carbono-forjado-2","status":"publish","type":"product","link":"https:\/\/karwork.eu\/en\/product\/volante-de-35cm-carbono-forjado-2\/","title":{"rendered":"Volante de 35cm carbono forjado &#8211; ST-012FC"},"content":{"rendered":"","protected":false},"excerpt":{"rendered":"<p>Volante de carbono forjado de 35cm, la serie 012 ofrece la m\u00e1xima maniobrabilidad y espacio libre en comparaci\u00f3n con volantes de plato profundo de un di\u00e1metro similar. Cuando se combina con el Quick Release, este volante se convierte en una de las configuraciones m\u00e1s \u00e1giles y funcionales disponibles. Peso ligero, dise\u00f1ado ergon\u00f3micamente para el descanso del pulgar.<\/p>\n<p>&nbsp;<\/p>\n<p><strong>NRG Innovations products are designed for off-road use only.<\/strong><\/p>","protected":false},"featured_media":14515,"comment_status":"open","ping_status":"closed","template":"","meta":{"_acf_changed":false,"rank_math_lock_modified_date":false},"pwb-brand":[611],"product_cat":[1577],"product_tag":[1588,623,3157,622],"class_list":{"0":"post-14517","1":"product","2":"type-product","3":"status-publish","4":"has-post-thumbnail","6":"pwb-brand-nrg-innovations","7":"product_cat-carbono-forjado","8":"product_tag-carbono-forjado","9":"product_tag-nrg-innovations","10":"product_tag-st-012fc","11":"product_tag-volante","13":"first","14":"instock","15":"taxable","16":"shipping-taxable","17":"purchasable","18":"product-type-simple"},"acf":[],"brands":[{"id":611,"name":"NRG Innovations","slug":"nrg-innovations"}],"_links":{"self":[{"href":"https:\/\/karwork.eu\/en\/wp-json\/wp\/v2\/product\/14517","targetHints":{"allow":["GET"]}}],"collection":[{"href":"https:\/\/karwork.eu\/en\/wp-json\/wp\/v2\/product"}],"about":[{"href":"https:\/\/karwork.eu\/en\/wp-json\/wp\/v2\/types\/product"}],"replies":[{"embeddable":true,"href":"https:\/\/karwork.eu\/en\/wp-json\/wp\/v2\/comments?post=14517"}],"wp:featuredmedia":[{"embeddable":true,"href":"https:\/\/karwork.eu\/en\/wp-json\/wp\/v2\/media\/14515"}],"wp:attachment":[{"href":"https:\/\/karwork.eu\/en\/wp-json\/wp\/v2\/media?parent=14517"}],"wp:term":[{"taxonomy":"pwb-brand","embeddable":true,"href":"https:\/\/karwork.eu\/en\/wp-json\/wp\/v2\/pwb-brand?post=14517"},{"taxonomy":"product_cat","embeddable":true,"href":"https:\/\/karwork.eu\/en\/wp-json\/wp\/v2\/product_cat?post=14517"},{"taxonomy":"product_tag","embeddable":true,"href":"https:\/\/karwork.eu\/en\/wp-json\/wp\/v2\/product_tag?post=14517"}],"curies":[{"name":"wp","href":"https:\/\/api.w.org\/{rel}","templated":true}]}}