{"id":14144,"date":"2022-06-14T19:09:27","date_gmt":"2022-06-14T19:09:27","guid":{"rendered":"https:\/\/karwork.eu\/?post_type=product&#038;p=14144"},"modified":"2023-08-12T15:29:17","modified_gmt":"2023-08-12T15:29:17","slug":"volante-clasico-de-38cm-madera-clara","status":"publish","type":"product","link":"https:\/\/karwork.eu\/en\/product\/volante-clasico-de-38cm-madera-clara\/","title":{"rendered":"Classic 38cm light wood steering wheel"},"content":{"rendered":"","protected":false},"excerpt":{"rendered":"<p>Midiendo la friolera de 38cm, este volante se hizo para ser un reemplazo directo para muchos de los veh\u00edculos m\u00e1s antiguos que no cuentan con direcci\u00f3n asistida. Es grande y resistente. Cubierto de caoba te\u00f1ida a medida con radios de aluminio brillante con ranuras.\t\t\t\t\t\t\t\t\t\t\t\t\t\t\t\t<\/p>\n<p>&amp;nbsp\t\t\t\t\t\t\t\t\t\t\t\t\t\t\t\t<\/p>\n<p><strong>NRG Innovations products are designed for off-road use only.<\/strong><\/p>","protected":false},"featured_media":14145,"comment_status":"open","ping_status":"closed","template":"","meta":{"_acf_changed":false,"rank_math_lock_modified_date":false},"pwb-brand":[611],"product_cat":[1572],"product_tag":[1586,623,622],"class_list":{"0":"post-14144","1":"product","2":"type-product","3":"status-publish","4":"has-post-thumbnail","6":"pwb-brand-nrg-innovations","7":"product_cat-madera","8":"product_tag-madera","9":"product_tag-nrg-innovations","10":"product_tag-volante","12":"first","13":"instock","14":"taxable","15":"shipping-taxable","16":"purchasable","17":"product-type-simple"},"acf":[],"brands":[{"id":611,"name":"NRG Innovations","slug":"nrg-innovations"}],"_links":{"self":[{"href":"https:\/\/karwork.eu\/en\/wp-json\/wp\/v2\/product\/14144","targetHints":{"allow":["GET"]}}],"collection":[{"href":"https:\/\/karwork.eu\/en\/wp-json\/wp\/v2\/product"}],"about":[{"href":"https:\/\/karwork.eu\/en\/wp-json\/wp\/v2\/types\/product"}],"replies":[{"embeddable":true,"href":"https:\/\/karwork.eu\/en\/wp-json\/wp\/v2\/comments?post=14144"}],"wp:featuredmedia":[{"embeddable":true,"href":"https:\/\/karwork.eu\/en\/wp-json\/wp\/v2\/media\/14145"}],"wp:attachment":[{"href":"https:\/\/karwork.eu\/en\/wp-json\/wp\/v2\/media?parent=14144"}],"wp:term":[{"taxonomy":"pwb-brand","embeddable":true,"href":"https:\/\/karwork.eu\/en\/wp-json\/wp\/v2\/pwb-brand?post=14144"},{"taxonomy":"product_cat","embeddable":true,"href":"https:\/\/karwork.eu\/en\/wp-json\/wp\/v2\/product_cat?post=14144"},{"taxonomy":"product_tag","embeddable":true,"href":"https:\/\/karwork.eu\/en\/wp-json\/wp\/v2\/product_tag?post=14144"}],"curies":[{"name":"wp","href":"https:\/\/api.w.org\/{rel}","templated":true}]}}