{"id":13927,"date":"2022-05-29T11:40:56","date_gmt":"2022-05-29T11:40:56","guid":{"rendered":"https:\/\/karwork.eu\/?post_type=product&#038;p=13927"},"modified":"2022-05-29T11:41:57","modified_gmt":"2022-05-29T11:41:57","slug":"soporte-de-reloj-doble-para-bmw-e90-91-92-93-acabado-liso","status":"publish","type":"product","link":"https:\/\/karwork.eu\/en\/product\/soporte-de-reloj-doble-para-bmw-e90-91-92-93-acabado-liso\/","title":{"rendered":"Double clock support for BMW E90\/ 91\/ 92\/ 93 smooth finish"},"content":{"rendered":"","protected":false},"excerpt":{"rendered":"<p>Gauge support specific for BMW E90\/ 91\/ 92\/ 93, allows to integrate them in a unique and professional way, on the left side of the driver. To provide a perfect reading of the watches, it is slightly oriented towards the pilot.<\/p>\n<p>De ABS con acabo negro liso con una f\u00e1cil instalaci\u00f3n, dentro del soporte hay un orificio que facilita el paso de los cables desde el interior. Este soporte est\u00e1 dise\u00f1ado para indicadores de 52 mm de di\u00e1metro y reemplaza las salidas de aire originales del lado izquierdo del piloto.<\/p>\n<p>Meter clocks are sold separately.<\/p>","protected":false},"featured_media":13922,"comment_status":"open","ping_status":"closed","template":"","meta":{"_acf_changed":false,"rank_math_lock_modified_date":false},"pwb-brand":[],"product_cat":[300],"product_tag":[605,606,607,608],"class_list":{"0":"post-13927","1":"product","2":"type-product","3":"status-publish","4":"has-post-thumbnail","6":"product_cat-soportes","7":"product_tag-bmw-e90","8":"product_tag-bmw-e91","9":"product_tag-bmw-e92","10":"product_tag-bmw-e93","12":"first","13":"instock","14":"taxable","15":"shipping-taxable","16":"purchasable","17":"product-type-simple"},"acf":[],"brands":[],"_links":{"self":[{"href":"https:\/\/karwork.eu\/en\/wp-json\/wp\/v2\/product\/13927","targetHints":{"allow":["GET"]}}],"collection":[{"href":"https:\/\/karwork.eu\/en\/wp-json\/wp\/v2\/product"}],"about":[{"href":"https:\/\/karwork.eu\/en\/wp-json\/wp\/v2\/types\/product"}],"replies":[{"embeddable":true,"href":"https:\/\/karwork.eu\/en\/wp-json\/wp\/v2\/comments?post=13927"}],"wp:featuredmedia":[{"embeddable":true,"href":"https:\/\/karwork.eu\/en\/wp-json\/wp\/v2\/media\/13922"}],"wp:attachment":[{"href":"https:\/\/karwork.eu\/en\/wp-json\/wp\/v2\/media?parent=13927"}],"wp:term":[{"taxonomy":"pwb-brand","embeddable":true,"href":"https:\/\/karwork.eu\/en\/wp-json\/wp\/v2\/pwb-brand?post=13927"},{"taxonomy":"product_cat","embeddable":true,"href":"https:\/\/karwork.eu\/en\/wp-json\/wp\/v2\/product_cat?post=13927"},{"taxonomy":"product_tag","embeddable":true,"href":"https:\/\/karwork.eu\/en\/wp-json\/wp\/v2\/product_tag?post=13927"}],"curies":[{"name":"wp","href":"https:\/\/api.w.org\/{rel}","templated":true}]}}