{"id":47,"date":"2020-11-30T02:00:16","date_gmt":"2020-11-30T02:00:16","guid":{"rendered":"https:\/\/demoapus2.com\/uomo-import\/?page_id=47"},"modified":"2022-03-26T15:23:06","modified_gmt":"2022-03-26T15:23:06","slug":"terminos-y-condiciones","status":"publish","type":"page","link":"https:\/\/karwork.eu\/en\/terminos-y-condiciones\/","title":{"rendered":"Terms and Conditions"},"content":{"rendered":"<div data-elementor-type=\"wp-page\" data-elementor-id=\"47\" class=\"elementor elementor-47\">\n\t\t\t\t\t\t<section class=\"elementor-section elementor-top-section elementor-element elementor-element-00f4d5e elementor-section-stretched elementor-section-boxed elementor-section-height-default elementor-section-height-default exad-glass-effect-no wpr-particle-no wpr-jarallax-no wpr-parallax-no wpr-sticky-section-no exad-sticky-section-no\" data-id=\"00f4d5e\" data-element_type=\"section\" data-settings=\"{&quot;stretch_section&quot;:&quot;section-stretched&quot;}\">\n\t\t\t\t\t\t<div class=\"elementor-container elementor-column-gap-extended\">\n\t\t\t\t\t<div class=\"elementor-column elementor-col-100 elementor-top-column elementor-element elementor-element-e87471a exad-glass-effect-no exad-sticky-section-no\" data-id=\"e87471a\" data-element_type=\"column\">\n\t\t\t<div class=\"elementor-widget-wrap elementor-element-populated\">\n\t\t\t\t\t\t<div class=\"elementor-element elementor-element-e34d5f8 exad-sticky-section-no exad-glass-effect-no elementor-widget elementor-widget-heading\" data-id=\"e34d5f8\" data-element_type=\"widget\" data-widget_type=\"heading.default\">\n\t\t\t\t<div class=\"elementor-widget-container\">\n\t\t\t<h2 class=\"elementor-heading-title elementor-size-default\">TERMS AND CONDITIONS<\/h2>\t\t<\/div>\n\t\t\t\t<\/div>\n\t\t\t\t\t<\/div>\n\t\t<\/div>\n\t\t\t\t\t<\/div>\n\t\t<\/section>\n\t\t\t\t<section class=\"elementor-section elementor-top-section elementor-element elementor-element-a863567 elementor-section-stretched elementor-section-boxed elementor-section-height-default elementor-section-height-default exad-glass-effect-no wpr-particle-no wpr-jarallax-no wpr-parallax-no wpr-sticky-section-no exad-sticky-section-no\" data-id=\"a863567\" data-element_type=\"section\" data-settings=\"{&quot;stretch_section&quot;:&quot;section-stretched&quot;}\">\n\t\t\t\t\t\t<div class=\"elementor-container elementor-column-gap-extended\">\n\t\t\t\t\t<div class=\"elementor-column elementor-col-100 elementor-top-column elementor-element elementor-element-bbbe1a9 exad-glass-effect-no exad-sticky-section-no\" data-id=\"bbbe1a9\" data-element_type=\"column\">\n\t\t\t<div class=\"elementor-widget-wrap elementor-element-populated\">\n\t\t\t\t\t\t<div class=\"elementor-element elementor-element-61e68b4 exad-sticky-section-no exad-glass-effect-no elementor-widget elementor-widget-heading\" data-id=\"61e68b4\" data-element_type=\"widget\" data-widget_type=\"heading.default\">\n\t\t\t\t<div class=\"elementor-widget-container\">\n\t\t\t<h2 class=\"elementor-heading-title elementor-size-default\">Applicable regulations<\/h2>\t\t<\/div>\n\t\t\t\t<\/div>\n\t\t\t\t<div class=\"elementor-element elementor-element-1d3245e exad-sticky-section-no exad-glass-effect-no elementor-widget elementor-widget-text-editor\" data-id=\"1d3245e\" data-element_type=\"widget\" data-widget_type=\"text-editor.default\">\n\t\t\t\t<div class=\"elementor-widget-container\">\n\t\t\t\t\t\t\t<p style=\"margin-bottom: 0.8rem; color: #777777; font-family: Karla, sans-serif; font-size: 16px;\">This electronic contract is entered into under Spanish regulations and specifically under the legal regime imposed by Royal Legislative Decree 1\/2007, of November 16, which approves the consolidated text of the General Law for the Defense of Consumers. and Users and other complementary laws.<\/p><p style=\"margin-bottom: 0.8rem; color: #777777; font-family: Karla, sans-serif; font-size: 16px;\">The electronic contract will not be filed by a third party and the language for its conclusion is Spanish. These general conditions may be stored and reproduced at any time by the user who makes a purchase through the options of his internet browser, and must be accepted before proceeding with the payment of the order.<\/p><p style=\"margin-bottom: 0.8rem; color: #777777; font-family: Karla, sans-serif; font-size: 16px;\">In order to make purchases online at this store, you can register by creating a &#039;User Account&#039;, or make a quick purchase without registration (as a guest user).<\/p><p style=\"margin-bottom: 0.8rem; color: #777777; font-family: Karla, sans-serif; font-size: 16px;\">If you make the purchase as a guest user, personal data will not be stored on the web, nor will it be possible to check the order history. Personal data will be kept only for the management and delivery of the requested products.<\/p><p style=\"margin-bottom: 0.8rem; color: #777777; font-family: Karla, sans-serif; font-size: 16px;\">If you decide to register, you will receive an email confirming that the process has been completed successfully and a reminder of the access data. From the account you will be able to make purchases, check the order history, change the password, modify personal data, modify shipping and billing addresses, make comments, and other procedures related to your purchases.<\/p><p style=\"margin-bottom: 0.8rem; color: #777777; font-family: Karla, sans-serif; font-size: 16px;\">At any time, you can access your private account to check the personal information and addresses and, if necessary, correct any errors that may have existed in the data entry or update them. The shipping and billing addresses may also be corrected or updated throughout the purchase process.<\/p><p style=\"margin-bottom: 0.8rem; color: #777777; font-family: Karla, sans-serif; font-size: 16px;\">You can unsubscribe at any time, by sending an email, from the address you want to unsubscribe, to the address\u00a0<a style=\"color: #777777; transition: opacity 0.2s cubic-bezier(0.7, 0, 0.3, 1) 0s, color 0.2s cubic-bezier(0.7, 0, 0.3, 1) 0s;\" href=\"mailto:info@dpatry.es\">yes<\/a>tore@karwork.eu, which will entail the cancellation of your personal data.<\/p><p style=\"margin-bottom: 0.8rem; color: #777777; font-family: Karla, sans-serif; font-size: 16px;\">In any case, the creation and cancellation of a user account will be governed by the provisions of the Privacy Policy.<\/p>\t\t\t\t\t\t<\/div>\n\t\t\t\t<\/div>\n\t\t\t\t\t<\/div>\n\t\t<\/div>\n\t\t\t\t\t<\/div>\n\t\t<\/section>\n\t\t\t\t<section class=\"elementor-section elementor-top-section elementor-element elementor-element-8491629 elementor-section-stretched elementor-section-boxed elementor-section-height-default elementor-section-height-default exad-glass-effect-no wpr-particle-no wpr-jarallax-no wpr-parallax-no wpr-sticky-section-no exad-sticky-section-no\" data-id=\"8491629\" data-element_type=\"section\" data-settings=\"{&quot;stretch_section&quot;:&quot;section-stretched&quot;}\">\n\t\t\t\t\t\t<div class=\"elementor-container elementor-column-gap-extended\">\n\t\t\t\t\t<div class=\"elementor-column elementor-col-100 elementor-top-column elementor-element elementor-element-5ed9166 exad-glass-effect-no exad-sticky-section-no\" data-id=\"5ed9166\" data-element_type=\"column\">\n\t\t\t<div class=\"elementor-widget-wrap elementor-element-populated\">\n\t\t\t\t\t\t<div class=\"elementor-element elementor-element-4d81fa9 exad-sticky-section-no exad-glass-effect-no elementor-widget elementor-widget-heading\" data-id=\"4d81fa9\" data-element_type=\"widget\" data-widget_type=\"heading.default\">\n\t\t\t\t<div class=\"elementor-widget-container\">\n\t\t\t<h2 class=\"elementor-heading-title elementor-size-default\">Purchasing process<\/h2>\t\t<\/div>\n\t\t\t\t<\/div>\n\t\t\t\t<div class=\"elementor-element elementor-element-1c1b91e exad-sticky-section-no exad-glass-effect-no elementor-widget elementor-widget-text-editor\" data-id=\"1c1b91e\" data-element_type=\"widget\" data-widget_type=\"text-editor.default\">\n\t\t\t\t<div class=\"elementor-widget-container\">\n\t\t\t\t\t\t\t<p style=\"margin-bottom: 0.8rem; color: #777777; font-family: Karla, sans-serif; font-size: 16px;\">Buy at Karwork.eu en<span style=\"font-weight: bolder;\">\u00a0very easy and simple<\/span>, you just have to follow the following steps:<\/p><ol style=\"margin-bottom: 1rem; padding: 0.6rem 0.6rem 0.6rem 2rem; color: #777777; font-family: Karla, sans-serif; font-size: 16px;\"><li>Select the products you wish to purchase from among those offered by Karwork. With a click on each product, its file is accessed, which includes a detailed description and information, main characteristics and price. If you need more information, do not hesitate to ask us.\u00a0<em>NOTE:<\/em>\u00a0In the case of product sheets with photography, the products may suffer slight variations in color or texture with respect to the photography that appears on the web, due to different factors, such as monitor resolution. However, we will do everything possible so that the images are as close as possible to reality.<\/li><li>Once you have selected the product(s) you wish to buy, you must press the &#039;Add to cart&#039; button, and the product will be added to your shopping cart. If you wish, you can continue adding more products to the cart, or proceed directly to the payment.<\/li><li>Once the product selection is complete, a summary will appear identifying the selected item(s). Finally, to continue with your order, you must press the &#039;Process order&#039; button.<\/li><li>As we have indicated in previous sections, at the end of your purchase, you have the option to do so by registering, or make a quick purchase without registering (as a guest user). When registering, you must indicate your contact information and address, and in your next purchases you will not have to enter your information again.<\/li><li>Finally, you must choose the means of payment for your order from among those offered by Karwork.<\/li><li>Once the contracting process is finished, we will send you an email detailing the details of the contract, as well as proof of purchase or invoice. If you do not receive this email within 24 hours, or if you notice any error in the data entered, contact us by any of the following means:<p>Notifying it in the &#039;Contact&#039; section of this website<br \/>Writing to the email address store@karwork.eu<\/p><\/li><\/ol>\t\t\t\t\t\t<\/div>\n\t\t\t\t<\/div>\n\t\t\t\t\t<\/div>\n\t\t<\/div>\n\t\t\t\t\t<\/div>\n\t\t<\/section>\n\t\t\t\t<\/div>","protected":false},"excerpt":{"rendered":"<p>T\u00c9RMINOS Y CONDICIONES Normativa aplicable El presente contrato electr\u00f3nico se celebra bajo la normativa espa\u00f1ola y en concreto bajo el r\u00e9gimen legal impuesto por el Real Decreto Legislativo 1\/2007, de 16 de noviembre, por el que se aprueba el texto refundido de la Ley General para la Defensa de los Consumidores y Usuarios y otras leyes complementarias. El contrato electr\u00f3nico no ser\u00e1 archivado por un tercero y el idioma para su conclusi\u00f3n es el espa\u00f1ol. Las presentes condiciones generales podr\u00e1n ser almacenadas y reproducidas en cualquier momento por el usuario que realice una compra mediante las opciones de su navegador de internet, y deben ser aceptadas antes de proceder al pago del pedido. Para poder realizar compras online en esta tienda, podr\u00e1s registrarte mediante la creaci\u00f3n de una &#8216;Cuenta de Usuario&#8217;, o bien hacer una compra r\u00e1pida sin registro (como usuario invitado). Si realizas la compra como usuario invitado, los datos personales no ser\u00e1n almacenados en la web, ni se podr\u00e1 comprobar el historial de pedidos. Los datos personales se conservar\u00e1n \u00fanicamente para la gesti\u00f3n y entrega de los productos solicitados. Si decides registrarte, recibir\u00e1s un correo confirmando que el proceso se ha realizado con \u00e9xito y un recordatorio de los datos de acceso. Desde la cuenta podr\u00e1s realizar compras, comprobar el historial de pedidos, cambiar la contrase\u00f1a, modificar los datos personales, modificar las direcciones de env\u00edo y facturaci\u00f3n, realizar comentarios, y otras gestiones relacionadas con tus compras. En cualquier momento, podr\u00e1s acceder a tu cuenta privada para comprobar la informaci\u00f3n personal y direcciones y, en caso de que fuera necesario, corregir los errores que puedan haber existido en la introducci\u00f3n de los datos o actualizar los mismos. Las direcciones de env\u00edo y facturaci\u00f3n tambi\u00e9n podr\u00e1n corregirse o actualizarse a lo largo del proceso de compra. Podr\u00e1s darte de baja en cualquier momento, enviando un correo electr\u00f3nico, desde la direcci\u00f3n que se quiere dar de baja, a la direcci\u00f3n&nbsp;store@karwork.eu, lo que conllevar\u00e1 la cancelaci\u00f3n de tus datos de car\u00e1cter personal. En cualquier caso, la creaci\u00f3n y cancelaci\u00f3n de una cuenta de usuario se regir\u00e1 por lo establecido en la Pol\u00edtica de Privacidad. Proceso de Compra Comprar en Karwork.eu es&nbsp;muy f\u00e1cil y sencillo, solo tienes que seguir los siguientes pasos: Seleccionar los productos que desees adquirir de entre los ofrecidos por Karwork. Con un clic en cada producto, se accede&nbsp; su ficha, que incluye descripci\u00f3n detallada e&nbsp; informaci\u00f3n, caracter\u00edsticas principales y precio. Si necesitas m\u00e1s informaci\u00f3n, no dudes en preguntarnos.&nbsp;NOTA:&nbsp;En el caso de fichas de producto con fotograf\u00eda, los productos pueden sufrir ligeras variaciones de color o textura con respecto a la fotograf\u00eda que aparece en la web, debido a diferentes factores, como por ejemplo, la resoluci\u00f3n del monitor. No obstante, haremos lo posible para que las im\u00e1genes se ajusten lo mas posible a la realidad. Una vez seleccionado el\/los producto\/s que desees comprar, deber\u00e1s pulsar el bot\u00f3n &#8216;A\u00f1adir al carrito&#8217;, quedando incorporado el producto a tu carrito de la compra. Si lo deseas, podr\u00e1 seguir a\u00f1adiendo m\u00e1s productos al carrito, o proceder directamente al pago. Concluida la selecci\u00f3n de productos, aparecer\u00e1 un resumen identificando el\/los art\u00edculo\/s seleccionado\/s. Finalmente, para continuar con tu pedido, deber\u00e1s pulsar el bot\u00f3n &#8216;Tramitar pedido&#8217;. Como hemos indicado en apartados anteriores, al finalizar tu compra, tienes la opci\u00f3n de hacerlo registr\u00e1ndote, o hacer una compra r\u00e1pida sin registro (como usuario invitado). Al registrarte, deber\u00e1s indicar tus datos de contacto y direcci\u00f3n, y en tus pr\u00f3ximas compras no tendr\u00e1s que introducir de nuevo tus datos. Por \u00faltimo, deber\u00e1s elegir el medio de pago de tu pedido de entre los ofrecidos por Karwork. Una vez finalizado el proceso de contrataci\u00f3n, te enviaremos un correo electr\u00f3nico en el que se detallar\u00e1n los datos de la misma, as\u00ed como justificante de compra o factura. Si no recibes este correo en 24 horas, o si aprecias cualquier error en los datos introducidos, ponte en contacto con nosotros por cualquiera de los siguientes medios:Notific\u00e1ndolo en la secci\u00f3n &#8216;Contacto&#8217; de esta web Escribiendo a la direcci\u00f3n de correo store@karwork.eu<\/p>","protected":false},"author":1,"featured_media":0,"parent":0,"menu_order":0,"comment_status":"closed","ping_status":"closed","template":"","meta":{"_acf_changed":false,"rank_math_lock_modified_date":false,"footnotes":""},"class_list":["post-47","page","type-page","status-publish","hentry"],"acf":[],"_links":{"self":[{"href":"https:\/\/karwork.eu\/en\/wp-json\/wp\/v2\/pages\/47","targetHints":{"allow":["GET"]}}],"collection":[{"href":"https:\/\/karwork.eu\/en\/wp-json\/wp\/v2\/pages"}],"about":[{"href":"https:\/\/karwork.eu\/en\/wp-json\/wp\/v2\/types\/page"}],"author":[{"embeddable":true,"href":"https:\/\/karwork.eu\/en\/wp-json\/wp\/v2\/users\/1"}],"replies":[{"embeddable":true,"href":"https:\/\/karwork.eu\/en\/wp-json\/wp\/v2\/comments?post=47"}],"version-history":[{"count":12,"href":"https:\/\/karwork.eu\/en\/wp-json\/wp\/v2\/pages\/47\/revisions"}],"predecessor-version":[{"id":11496,"href":"https:\/\/karwork.eu\/en\/wp-json\/wp\/v2\/pages\/47\/revisions\/11496"}],"wp:attachment":[{"href":"https:\/\/karwork.eu\/en\/wp-json\/wp\/v2\/media?parent=47"}],"curies":[{"name":"wp","href":"https:\/\/api.w.org\/{rel}","templated":true}]}}