{"id":12,"date":"2022-02-08T14:16:15","date_gmt":"2022-02-08T14:16:15","guid":{"rendered":"https:\/\/karwork.eu\/?page_id=12"},"modified":"2025-06-19T20:55:19","modified_gmt":"2025-06-19T19:55:19","slug":"envios-y-devoluciones","status":"publish","type":"page","link":"https:\/\/karwork.eu\/en\/envios-y-devoluciones\/","title":{"rendered":"Shipping &amp; Returns"},"content":{"rendered":"<div data-elementor-type=\"wp-page\" data-elementor-id=\"12\" class=\"elementor elementor-12\">\n\t\t\t\t\t\t<section class=\"elementor-section elementor-top-section elementor-element elementor-element-e754d53 elementor-section-boxed elementor-section-height-default elementor-section-height-default exad-glass-effect-no wpr-particle-no wpr-jarallax-no wpr-parallax-no wpr-sticky-section-no exad-sticky-section-no\" data-id=\"e754d53\" data-element_type=\"section\">\n\t\t\t\t\t\t<div class=\"elementor-container elementor-column-gap-default\">\n\t\t\t\t\t<div class=\"elementor-column elementor-col-100 elementor-top-column elementor-element elementor-element-1c3c0c9 exad-glass-effect-no exad-sticky-section-no\" data-id=\"1c3c0c9\" data-element_type=\"column\">\n\t\t\t<div class=\"elementor-widget-wrap elementor-element-populated\">\n\t\t\t\t\t\t<div class=\"elementor-element elementor-element-4b2583c exad-sticky-section-no exad-glass-effect-no elementor-widget elementor-widget-heading\" data-id=\"4b2583c\" data-element_type=\"widget\" data-widget_type=\"heading.default\">\n\t\t\t\t<div class=\"elementor-widget-container\">\n\t\t\t<h2 class=\"elementor-heading-title elementor-size-default\">SEND CONDITIONS<\/h2>\t\t<\/div>\n\t\t\t\t<\/div>\n\t\t\t\t<div class=\"elementor-element elementor-element-a2ea5e0 exad-sticky-section-no exad-glass-effect-no elementor-widget elementor-widget-text-editor\" data-id=\"a2ea5e0\" data-element_type=\"widget\" data-widget_type=\"text-editor.default\">\n\t\t\t\t<div class=\"elementor-widget-container\">\n\t\t\t\t\t\t\t<h2 style=\"margin-top: 0px; margin-bottom: 0.5rem; font-family: Karla, sans-serif; font-weight: bold; line-height: 1.2; color: #777777; font-size: 1.25rem;\"><span style=\"font-size: 16px; font-weight: var(--uomo-main-font-weight);\">Shipments will be made to:<\/span><\/h2>\n<ul style=\"margin-bottom: 0px; list-style-position: initial; list-style-image: initial; padding: 0.6rem 0.6rem 0.6rem 2rem; color: #777777; font-family: Karla, sans-serif; font-size: 16px;\">\n<li>Mainland Spain<\/li>\n<\/ul>\n<p style=\"margin-bottom: 0.8rem; color: #777777; font-family: Karla, sans-serif; font-size: 16px;\">The delivery time at your address will be from 10 to 20 (business) days depending on the destination population.<\/p>\n<p style=\"margin-bottom: 0.8rem; color: #777777; font-family: Karla, sans-serif; font-size: 16px;\">El porte en Espa\u00f1a y Portugal, es decir, en la pen\u00ednsula, ser\u00e1 <span style=\"font-weight: bolder;\">Free on orders over \u20ac100<\/span>. In all other cases, the shipping price will be \u20ac9.<\/p>\n<p style=\"margin-bottom: 0.8rem; color: #777777; font-family: Karla, sans-serif; font-size: 16px;\">En el resto de zonas depender\u00e1 del producto y del lugar.<\/p>\n<p style=\"margin-bottom: 0.8rem; color: #777777; font-family: Karla, sans-serif; font-size: 16px;\">In some cases and depending on the availability of the product (out of stock), our staff will contact you to give you a solution and to inform you of the delivery time once the selected product is available.<\/p>\n<p style=\"margin-bottom: 0.8rem; color: #777777; font-family: Karla, sans-serif; font-size: 16px;\">The courier company usually delivers during business hours, so if you have a preference for delivery time, you can tell us in the order comment and we will try to comply (to the extent of the route and schedule possibilities of the transport company). ).<\/p>\n<p style=\"margin-bottom: 0.8rem; color: #777777; font-family: Karla, sans-serif; font-size: 16px;\"><span style=\"font-weight: bolder;\">IMPORTANT:<\/span>&nbsp;We are not responsible for the breach or delay of obligations that are due to causes beyond our control, such as in the case of force majeure or fortuitous event. Although most of the deliveries are made within the indicated period, occasionally, delays may occur due to data transcription errors, inclement weather, dates of high volume of orders, etc. In this case, contact us to resolve the issue as soon as possible. In addition, compliance with the deadlines also depends on third parties, so we are not responsible for strikes, closures, accidents or other causes of force majeure that prevent compliance with them.<\/p>\n<p style=\"margin-bottom: 0.8rem; color: #777777; font-family: Karla, sans-serif; font-size: 16px;\">The prices are expressed in Euros, and are valid except for typographical errors. In the event that there is a manifest error in the setting of the price that appears in the product file, the price established for said product in the email will prevail.<\/p>\n<p style=\"margin-bottom: 0.8rem; color: #777777; font-family: Karla, sans-serif; font-size: 16px;\">Los precios indicados son precios PVP. El precio PVP de los art\u00edculos incluye impuestos para los env\u00edos dentro de la UE.<\/p>\t\t\t\t\t\t<\/div>\n\t\t\t\t<\/div>\n\t\t\t\t<div class=\"elementor-element elementor-element-b70b1a7 exad-sticky-section-no exad-glass-effect-no elementor-widget elementor-widget-heading\" data-id=\"b70b1a7\" data-element_type=\"widget\" data-widget_type=\"heading.default\">\n\t\t\t\t<div class=\"elementor-widget-container\">\n\t\t\t<h2 class=\"elementor-heading-title elementor-size-default\">RETURNS<\/h2>\t\t<\/div>\n\t\t\t\t<\/div>\n\t\t\t\t<div class=\"elementor-element elementor-element-d1b9831 exad-sticky-section-no exad-glass-effect-no elementor-widget elementor-widget-text-editor\" data-id=\"d1b9831\" data-element_type=\"widget\" data-widget_type=\"text-editor.default\">\n\t\t\t\t<div class=\"elementor-widget-container\">\n\t\t\t\t\t\t\t<h4 style=\"margin-bottom: 0.8rem; color: #777777; font-family: Karla, sans-serif; font-size: 16px;\">In\u00a0<span style=\"font-weight: bolder;\">karwork<\/span>\u00a0we want you to be satisfied with your order. For this reason, we provide you with various methods to return an item that may not meet your needs or expectations.\u00a0<\/h4><p style=\"margin-bottom: 0.8rem; color: #777777; font-family: Karla, sans-serif; font-size: 16px;\">In the case of rims, their return will entail a 30% surcharge, and already mounted rims cannot be returned, they must be tested without mounting the tires.<\/p><p style=\"margin-bottom: 0.8rem; color: #777777; font-family: Karla, sans-serif; font-size: 16px;\">Los productos calificados como personalizados, fabricados conforme a la caracter\u00edsticas solicitadas por el cliente, carecen de derecho de desistimiento, por la misma naturaleza del propio producto.<\/p><h4 style=\"margin-bottom: 0.8rem; color: #777777; font-family: Karla, sans-serif; font-size: 16px;\"><strong>withdrawal<\/strong><\/h4><p style=\"margin-bottom: 0.8rem; color: #777777; font-family: Karla, sans-serif; font-size: 16px;\">According to what is established in the\u00a0<span style=\"font-weight: bolder;\">Law of consumer protection<\/span>, you have the Right of Withdrawal, in which you can return the product.<\/p><p style=\"margin-bottom: 0.8rem; color: #777777; font-family: Karla, sans-serif; font-size: 16px;\">The exercise of this right of withdrawal will have to be carried out\u00a0<span style=\"font-weight: bolder;\">within a maximum period of 14 calendar days from receipt<\/span>. You must notify us, through the mail\u00a0<a style=\"color: #777777; transition: opacity 0.2s cubic-bezier(0.7, 0, 0.3, 1) 0s, color 0.2s cubic-bezier(0.7, 0, 0.3, 1) 0s;\" href=\"mailto:info@dpatry.es\">store@karwork.e<\/a>u, your decision to withdraw from the purchase made.<\/p><p style=\"margin-bottom: 0.8rem; color: #777777; font-family: Karla, sans-serif; font-size: 16px;\">In order to exercise this right, the product must be in perfect condition and keep the original packaging, as well as all the parts. In case the products do not arrive in perfect condition <b>karwork\u00a0<\/b>reserves the right to pay a lower amount in the return, a circumstance that will be notified to you.<\/p><p style=\"margin-bottom: 0.8rem; color: #777777; font-family: Karla, sans-serif; font-size: 16px;\">El reembolso del importe de la compra (sin incluir el importe del env\u00edo), en los casos de no se especifica ser\u00e1 de 9\u20ac IVA incluido, se efectuar\u00e1 una vez haya sido comprobado el estado de la mercanc\u00eda, a trav\u00e9s del mismo medio de pago utilizado en la compra y, en todo caso, en un m\u00e1ximo de 14 d\u00edas naturales desde la recepci\u00f3n fehaciente de la solicitud de desistimiento, siempre y cuando sea Karwork quien gestione la recogida del art\u00edculo. En caso de que devuelvas el art\u00edculo a trav\u00e9s de una empresa de transportes de tu elecci\u00f3n (importante que sea env\u00edo certificado), el plazo de 14 d\u00edas comenzar\u00e1 a computar desde que Karwork tenga conocimiento efectivo del env\u00edo de la mercanc\u00eda o, en su defecto, desde la recepci\u00f3n de la misma.<\/p><p style=\"margin-bottom: 0.8rem; color: #777777; font-family: Karla, sans-serif; font-size: 16px;\">The return expenses derived from the exercise of the right of withdrawal, will be paid by the buyer.<\/p><p style=\"margin-bottom: 0.8rem; color: #777777; font-family: Karla, sans-serif; font-size: 16px;\">En los art\u00edculos que se especifica que son solicitados bajo pedido, no se admitir\u00e1n devoluciones de los mismos.\u00a0<\/p><h4 style=\"font-family: Karla, sans-serif; font-weight: var(--uomo-heading-font-weight); color: #777777; margin-bottom: 0.8rem; font-size: 16px;\"><strong>If you have not received the order yet<\/strong><\/h4><p style=\"font-family: Karla, sans-serif; color: #777777; margin-bottom: 0.8rem; font-size: 16px;\">If you still have not received the order and want to cancel or modify it, you just have to inform us of the changes you want to make, without this entailing any cost if your order has not yet been processed.<\/p><p style=\"margin-bottom: 0.8rem; color: #777777; font-family: Karla, sans-serif; font-size: 16px;\">Notification through this website in the &quot;Contact&quot; section<\/p><p style=\"margin-bottom: 0.8rem; color: #777777; font-family: Karla, sans-serif; font-size: 16px;\">E-mail:<a style=\"color: #777777; transition: opacity 0.2s cubic-bezier(0.7, 0, 0.3, 1) 0s, color 0.2s cubic-bezier(0.7, 0, 0.3, 1) 0s;\" href=\"mailto:%20info@dpatry.es\">\u00a0store@k<\/a>arwork.eu<\/p><p style=\"margin-bottom: 0.8rem; color: #777777; font-family: Karla, sans-serif; font-size: 16px;\">All returns of products, together with their original protected packaging, must be addressed to the following address:<\/p><p style=\"margin-bottom: 0.8rem;\"><span style=\"color: #777777; font-family: Karla, sans-serif;\"><span style=\"font-size: 16px;\">Errekaldea Industrial Estate calle D, n\u00ba11.\u00a0<\/span><\/span><span style=\"font-size: 16px; color: #777777; font-family: Karla, sans-serif; font-weight: var(--uomo-main-font-weight);\">31191 Beriain, Navarra<\/span><\/p><h4 style=\"font-family: Karla, sans-serif; font-weight: var(--uomo-heading-font-weight); color: #777777; margin-bottom: 0.8rem; font-size: 16px;\"><strong>Guarantee<\/strong><\/h4><h3 style=\"font-family: Karla, sans-serif; font-weight: bold; line-height: 1.2; color: #777777; margin-top: 0px; margin-bottom: 0.5rem; font-size: 1.125rem;\"><span style=\"font-size: 16px;\">Todos nuestros productos est\u00e1n sujetos a <strong>la garant\u00eda que ofrece el fabricante,<\/strong> siempre cuando sea un <strong>defecto de fabricaci\u00f3n<\/strong>. La garant\u00eda no incluye los desperfectos producidos por un mal uso o instalaci\u00f3n, personalizaci\u00f3n, negligencia o desgaste habitual. Debido a la naturaleza de los productos de car\u00e1cter competitivo.<\/span><\/h3><p style=\"margin-bottom: 0.8rem; color: #777777; font-family: Karla, sans-serif; font-size: 16px;\">En caso de producto defectuoso, podremos proceder, seg\u00fan corresponda, a la reparaci\u00f3n, sustituci\u00f3n, rebaja del precio o resoluci\u00f3n del contrato, gestiones que ser\u00e1n gratuitas para el consumidor y usuario, siempre y cuando cumpla con los requisitos ya mencionados anteriormente.\u00a0<\/p><p style=\"margin-bottom: 0.8rem; color: #777777; font-family: Karla, sans-serif; font-size: 16px;\">We will be liable for any lack of conformity that manifests itself within a period of two years from delivery. The consumer and user must inform us of the lack of conformity within two months of becoming aware of it.<\/p><p style=\"margin-bottom: 0.8rem; color: #777777; font-family: Karla, sans-serif; font-size: 16px;\">Unless proven otherwise, it will be understood that the products are in accordance with the contract as long as they meet all the requirements expressed below:<\/p><ol style=\"margin-bottom: 1rem; padding: 0.6rem 0.6rem 0.6rem 2rem; list-style-type: lower-alpha; color: #777777; font-family: Karla, sans-serif; font-size: 16px;\"><li>They conform to the description made and have the qualities of the product that we have presented to the consumer and user in the form of a sample or model.<\/li><li>Sean aptos para los usos a que ordinariamente se destinen productos similares y se sigan las indicaciones para su instalaci\u00f3n, tal y como se indica en algunos casos en los que se recomienda ser instalado por un profesional.<\/li><li>Present the usual quality and benefits of a product of the same type that the consumer and user can reasonably expect, taking into account the nature of the product.<\/li><\/ol><h4 style=\"font-family: Karla, sans-serif; font-weight: var(--uomo-heading-font-weight); color: #777777; margin-bottom: 0.8rem; font-size: 16px;\"><strong>Conflict resolution<\/strong><\/h4><h3 style=\"font-family: Karla, sans-serif; font-weight: bold; line-height: 1.2; color: #777777; margin-top: 0px; margin-bottom: 0.5rem; font-size: 1.125rem;\"><span style=\"font-size: 16px; font-weight: var(--uomo-main-font-weight);\">As required by the new European regulations, we inform users of the existence of a European dispute resolution platform for online contracts. Thus, for the resolution of consumer disputes (according to Art. 14.1 of Regulation (EU) 524\/2013), the European Commission provides an online dispute resolution platform that is available at the following link:\u00a0<\/span><a style=\"font-size: 16px; background-color: #ffffff; font-weight: var(--uomo-main-font-weight); color: #777777; transition: opacity 0.2s cubic-bezier(0.7, 0, 0.3, 1) 0s, color 0.2s cubic-bezier(0.7, 0, 0.3, 1) 0s;\" href=\"https:\/\/webgate.ec.europa.eu\/odr\/main\/?event=main.home.show&amp;lng=ES\" target=\"_blank\" rel=\"noopener\">https:\/\/webgate.ec.europa.eu\/odr\/main\/?event=main.home.show&amp;lng=E<\/a><\/h3>\t\t\t\t\t\t<\/div>\n\t\t\t\t<\/div>\n\t\t\t\t\t<\/div>\n\t\t<\/div>\n\t\t\t\t\t<\/div>\n\t\t<\/section>\n\t\t\t\t<\/div>","protected":false},"excerpt":{"rendered":"<p>CONDICIONES DE ENV\u00cdO Se realizar\u00e1n env\u00edos a: Espa\u00f1a Peninsular El plazo de entrega en tu domicilio ser\u00e1 de 10 a 20 d\u00edas(h\u00e1biles) dependiendo de la poblaci\u00f3n de destino. El porte en Espa\u00f1a y Portugal, es decir, en la pen\u00ednsula, ser\u00e1 gratuito en pedidos superiores a 100\u20ac. En el resto de los casos, el precio del porte ser\u00e1 de 9\u20ac. En el resto de zonas depender\u00e1 del producto y del lugar. En algunos casos y dependiendo de la disponibilidad del producto (ruptura de stock), nuestro personal se pondr\u00e1 en contacto contigo para darte una soluci\u00f3n y para informarte del plazo de entrega una vez est\u00e9 disponible el producto seleccionado. La empresa de mensajer\u00eda entrega habitualmente en horario comercial, as\u00ed que si tienes alguna preferencia de horario para la entrega, puedes indic\u00e1rnosla en el comentario del pedido y se tratar\u00e1 de cumplir (en la medida de las posibilidades de ruta y horario de la empresa de transportes). IMPORTANTE:&nbsp;No nos hacemos responsables del incumplimiento o retraso de obligaciones que se deban a causas fuera de nuestro control, como en caso de fuerza mayor o caso fortuito. Aunque la mayor parte de las entregas se realizan en el plazo indicado, ocasionalmente, pueden producirse demoras debido a errores de transcripci\u00f3n de datos, inclemencias temporales, fechas de gran volumen de pedidos, etc. En tal caso, ponte en contacto con nosotros para resolver la incidencia lo m\u00e1s pronto posible. Adem\u00e1s, el cumplimiento de los plazos depende tambi\u00e9n de terceros ajenos, por lo que no nos responsabilizamos de huelgas, cierres, accidentes u otras causas de fuerza mayor que impidan el cumplimiento de los mismos. Los precios est\u00e1n expresados en Euros, y son v\u00e1lidos salvo error tipogr\u00e1fico. En el caso de que se produzca un error manifiesto en la fijaci\u00f3n del precio que aparezca en la ficha de producto, prevalecer\u00e1 el precio establecido para dicho producto en el email. Los precios indicados son precios PVP. El precio PVP de los art\u00edculos incluye impuestos para los env\u00edos dentro de la UE. DEVOLUCIONES En\u00a0Karwork\u00a0queremos que est\u00e9s satisfecho\u00a0 con tu pedido. Por ello, te facilitamos varios m\u00e9todos para efectuar la devoluci\u00f3n de un art\u00edculo que pudiera no ajustarse a tus necesidades o expectativas.\u00a0 En el caso de las llantas, su devoluci\u00f3n conllevar\u00e1 un 30% de recargo, adem\u00e1s las llantas ya montadas no se podr\u00e1n devolver, hay que probarlas sin montar los neum\u00e1ticos. Los productos calificados como personalizados, fabricados conforme a la caracter\u00edsticas solicitadas por el cliente, carecen de derecho de desistimiento, por la misma naturaleza del propio producto. Desistimiento De acuerdo a lo establecido en la\u00a0Ley de Defensa del Consumidor, dispones del Derecho de Desistimiento, en el cual podr\u00e1s devolver el producto. El ejercicio de este derecho de desistimiento tendr\u00e1 que realizarse\u00a0en un plazo m\u00e1ximo de 14 d\u00edas naturales a partir de su recepci\u00f3n. Deber\u00e1s notificarnos, a trav\u00e9s del correo\u00a0store@karwork.eu, tu decisi\u00f3n de desistir de la compra realizada. Para poder ejercer este derecho, el producto deber\u00e1 encontrarse en perfectas condiciones y conservar el embalaje original, as\u00ed como todas las piezas. En caso de que los productos no lleguen en perfectas condiciones Karwork\u00a0se reserva el derecho a abonar una cantidad inferior en la devoluci\u00f3n, circunstancia que te ser\u00e1 notificada. El reembolso del importe de la compra (sin incluir el importe del env\u00edo), en los casos de no se especifica ser\u00e1 de 9\u20ac IVA incluido, se efectuar\u00e1 una vez haya sido comprobado el estado de la mercanc\u00eda, a trav\u00e9s del mismo medio de pago utilizado en la compra y, en todo caso, en un m\u00e1ximo de 14 d\u00edas naturales desde la recepci\u00f3n fehaciente de la solicitud de desistimiento, siempre y cuando sea Karwork quien gestione la recogida del art\u00edculo. En caso de que devuelvas el art\u00edculo a trav\u00e9s de una empresa de transportes de tu elecci\u00f3n (importante que sea env\u00edo certificado), el plazo de 14 d\u00edas comenzar\u00e1 a computar desde que Karwork tenga conocimiento efectivo del env\u00edo de la mercanc\u00eda o, en su defecto, desde la recepci\u00f3n de la misma. Los gastos de devoluci\u00f3n derivados del ejercicio del derecho de desistimiento, ser\u00e1n por cuenta del comprador. En los art\u00edculos que se especifica que son solicitados bajo pedido, no se admitir\u00e1n devoluciones de los mismos.\u00a0 Si a\u00fan no has recibido el pedido Si todav\u00eda no has recibido el pedido y deseas cancelarlo o modificarlo, solo tienes que informarnos de los cambios que quieres realizar, sin que esto suponga ning\u00fan coste en caso de que tu pedido a\u00fan no haya sido tramitado. Notificaci\u00f3n a trav\u00e9s de esta web en la secci\u00f3n \u00abContacto\u00bb Email:\u00a0store@karwork.eu Todas las devoluciones de productos, junto con su embalaje original protegido, deber\u00e1n dirigirse a la siguiente direcci\u00f3n: Pol\u00edgono Industrial Errekaldea calle D, n\u00ba11.\u00a031191 Beria\u00edn, Navarra Garant\u00edas Todos nuestros productos est\u00e1n sujetos a la garant\u00eda que ofrece el fabricante, siempre cuando sea un defecto de fabricaci\u00f3n. La garant\u00eda no incluye los desperfectos producidos por un mal uso o instalaci\u00f3n, personalizaci\u00f3n, negligencia o desgaste habitual. Debido a la naturaleza de los productos de car\u00e1cter competitivo. En caso de producto defectuoso, podremos proceder, seg\u00fan corresponda, a la reparaci\u00f3n, sustituci\u00f3n, rebaja del precio o resoluci\u00f3n del contrato, gestiones que ser\u00e1n gratuitas para el consumidor y usuario, siempre y cuando cumpla con los requisitos ya mencionados anteriormente.\u00a0 Responderemos de las faltas de conformidad que se manifiesten en un plazo de dos a\u00f1os desde la entrega. El consumidor y usuario deber\u00e1 informarnos de la falta de conformidad en el plazo de dos meses desde que tuvo conocimiento de ella. Salvo prueba en contrario, se entender\u00e1 que los productos son conformes con el contrato siempre que cumplan todos los requisitos que se expresan a continuaci\u00f3n: Se ajusten a la descripci\u00f3n realizada y posean las cualidades del producto que hayamos presentado al consumidor y usuario en forma de muestra o modelo. Sean aptos para los usos a que ordinariamente se destinen productos similares y se sigan las indicaciones para su instalaci\u00f3n, tal y como se indica en algunos casos en los que se recomienda ser instalado por un profesional. Presenten la calidad y prestaciones habituales de un producto del mismo &hellip; <br \/><a href=\"https:\/\/karwork.eu\/en\/envios-y-devoluciones\/\" class=\"more-link\">continue reading <span class=\"screen-reader-text\">Shipping &amp; Returns<\/span><\/a><\/p>","protected":false},"author":1,"featured_media":0,"parent":0,"menu_order":0,"comment_status":"closed","ping_status":"closed","template":"","meta":{"_acf_changed":false,"rank_math_lock_modified_date":false,"footnotes":""},"class_list":["post-12","page","type-page","status-publish","hentry"],"acf":[],"_links":{"self":[{"href":"https:\/\/karwork.eu\/en\/wp-json\/wp\/v2\/pages\/12","targetHints":{"allow":["GET"]}}],"collection":[{"href":"https:\/\/karwork.eu\/en\/wp-json\/wp\/v2\/pages"}],"about":[{"href":"https:\/\/karwork.eu\/en\/wp-json\/wp\/v2\/types\/page"}],"author":[{"embeddable":true,"href":"https:\/\/karwork.eu\/en\/wp-json\/wp\/v2\/users\/1"}],"replies":[{"embeddable":true,"href":"https:\/\/karwork.eu\/en\/wp-json\/wp\/v2\/comments?post=12"}],"version-history":[{"count":26,"href":"https:\/\/karwork.eu\/en\/wp-json\/wp\/v2\/pages\/12\/revisions"}],"predecessor-version":[{"id":37838,"href":"https:\/\/karwork.eu\/en\/wp-json\/wp\/v2\/pages\/12\/revisions\/37838"}],"wp:attachment":[{"href":"https:\/\/karwork.eu\/en\/wp-json\/wp\/v2\/media?parent=12"}],"curies":[{"name":"wp","href":"https:\/\/api.w.org\/{rel}","templated":true}]}}